{"id":105,"date":"2021-12-15T12:16:10","date_gmt":"2021-12-15T11:16:10","guid":{"rendered":"https:\/\/westpointhotel.ms.decms.eu\/?page_id=105"},"modified":"2024-07-15T11:27:21","modified_gmt":"2024-07-15T09:27:21","slug":"west-point-airport-hotel","status":"publish","type":"page","link":"https:\/\/www.hotelwestpoint.it\/de\/","title":{"rendered":"West Point Airport Hotel"},"content":{"rendered":"<p>Wir sind ein modernes 4-Sterne-Hotel in einer ruhigen Gegend, 5 Minuten vom Flughafen Catullo &#8211; Villafranca entfernt, in g\u00fcnstiger N\u00e4he zur Ringstra\u00dfe und nur 9 km von Verona entfernt.<\/p>\n<p>Unsere Funktionsfl\u00e4chen, das Park, Sleep &amp; Fly-Paket und die Tagungsr\u00e4ume machen uns zu einem Bezugspunkt sowohl f\u00fcr Gesch\u00e4ftskunden als auch f\u00fcr Urlauber. Die Stadt Verona, der Gardasee, Gardaland, der Natura Viva Park, der Sigurt\u00e0 Garden Park sowie viele Sch\u00f6nheiten unseres Territoriums sind alle in unmittelbarer N\u00e4he.<\/p>\n","protected":false},"excerpt":{"rendered":"<p>Wir sind ein modernes 4-Sterne-Hotel in einer ruhigen Gegend, 5 Minuten vom Flughafen Catullo &#8211; Villafranca entfernt, in g\u00fcnstiger N\u00e4he zur Ringstra\u00dfe und nur 9 km von Verona entfernt. Unsere Funktionsfl\u00e4chen, das Park, Sleep &amp; Fly-Paket und die Tagungsr\u00e4ume machen uns zu einem Bezugspunkt sowohl f\u00fcr Gesch\u00e4ftskunden als auch f\u00fcr Urlauber. Die Stadt Verona, der [&hellip;]<\/p>\n","protected":false},"author":13,"featured_media":0,"parent":0,"menu_order":10,"comment_status":"closed","ping_status":"closed","template":"","meta":{"footnotes":""},"class_list":["post-105","page","type-page","status-publish","hentry"],"yoast_head":"<!-- This site is optimized with the Yoast SEO plugin v26.9 - https:\/\/yoast.com\/product\/yoast-seo-wordpress\/ -->\n<title>West Point Airport Hotel - Westpoint Hotel<\/title>\n<meta name=\"description\" content=\"Wir sind ein modernes 4-Sterne-Hotel in einer ruhigen Gegend, 5 Minuten vom Flughafen Catullo - Villafranca entfernt, in g\u00fcnstiger N\u00e4he zur Ringstra\u00dfe und nur 9 km von Verona entfernt.  Unsere Funktionsfl\u00e4chen, das Park, Sleep &amp; Fly-Paket und die Tagungsr\u00e4ume machen uns zu einem Bezugspunkt sowohl f\u00fcr Gesch\u00e4ftskunden als auch f\u00fcr Urlauber. Die Stadt Verona, der Gardasee, Gardaland, der Natura Viva Park, der Sigurt\u00e0 Garden Park sowie viele Sch\u00f6nheiten unseres Territoriums sind alle in unmittelbarer N\u00e4he.\" \/>\n<meta name=\"robots\" content=\"index, follow, max-snippet:-1, max-image-preview:large, max-video-preview:-1\" \/>\n<link rel=\"canonical\" href=\"https:\/\/www.hotelwestpoint.it\/de\/\" \/>\n<meta property=\"og:locale\" content=\"de_DE\" \/>\n<meta property=\"og:type\" content=\"article\" \/>\n<meta property=\"og:title\" content=\"West Point Airport Hotel - Westpoint Hotel\" \/>\n<meta property=\"og:description\" content=\"Wir sind ein modernes 4-Sterne-Hotel in einer ruhigen Gegend, 5 Minuten vom Flughafen Catullo - Villafranca entfernt, in g\u00fcnstiger N\u00e4he zur Ringstra\u00dfe und nur 9 km von Verona entfernt.  Unsere Funktionsfl\u00e4chen, das Park, Sleep &amp; Fly-Paket und die Tagungsr\u00e4ume machen uns zu einem Bezugspunkt sowohl f\u00fcr Gesch\u00e4ftskunden als auch f\u00fcr Urlauber. Die Stadt Verona, der Gardasee, Gardaland, der Natura Viva Park, der Sigurt\u00e0 Garden Park sowie viele Sch\u00f6nheiten unseres Territoriums sind alle in unmittelbarer N\u00e4he.\" \/>\n<meta property=\"og:url\" content=\"https:\/\/www.hotelwestpoint.it\/de\/\" \/>\n<meta property=\"og:site_name\" content=\"Westpoint Hotel\" \/>\n<meta property=\"article:modified_time\" content=\"2024-07-15T09:27:21+00:00\" \/>\n<meta name=\"twitter:card\" content=\"summary_large_image\" \/>\n<meta name=\"twitter:label1\" content=\"Gesch\u00e4tzte Lesezeit\" \/>\n\t<meta name=\"twitter:data1\" content=\"1 Minute\" \/>\n<script type=\"application\/ld+json\" class=\"yoast-schema-graph\">{\"@context\":\"https:\/\/schema.org\",\"@graph\":[{\"@type\":\"WebPage\",\"@id\":\"https:\/\/www.hotelwestpoint.it\/de\/\",\"url\":\"https:\/\/www.hotelwestpoint.it\/de\/\",\"name\":\"West Point Airport Hotel - Westpoint Hotel\",\"isPartOf\":{\"@id\":\"https:\/\/www.hotelwestpoint.it\/de\/#website\"},\"datePublished\":\"2021-12-15T11:16:10+00:00\",\"dateModified\":\"2024-07-15T09:27:21+00:00\",\"description\":\"Wir sind ein modernes 4-Sterne-Hotel in einer ruhigen Gegend, 5 Minuten vom Flughafen Catullo - Villafranca entfernt, in g\u00fcnstiger N\u00e4he zur Ringstra\u00dfe und nur 9 km von Verona entfernt. Unsere Funktionsfl\u00e4chen, das Park, Sleep &amp; Fly-Paket und die Tagungsr\u00e4ume machen uns zu einem Bezugspunkt sowohl f\u00fcr Gesch\u00e4ftskunden als auch f\u00fcr Urlauber. Die Stadt Verona, der Gardasee, Gardaland, der Natura Viva Park, der Sigurt\u00e0 Garden Park sowie viele Sch\u00f6nheiten unseres Territoriums sind alle in unmittelbarer N\u00e4he.\",\"breadcrumb\":{\"@id\":\"https:\/\/www.hotelwestpoint.it\/de\/#breadcrumb\"},\"inLanguage\":\"de-DE\",\"potentialAction\":[{\"@type\":\"ReadAction\",\"target\":[\"https:\/\/www.hotelwestpoint.it\/de\/\"]}]},{\"@type\":\"BreadcrumbList\",\"@id\":\"https:\/\/www.hotelwestpoint.it\/de\/#breadcrumb\",\"itemListElement\":[{\"@type\":\"ListItem\",\"position\":1,\"name\":\"Home\",\"item\":\"https:\/\/www.hotelwestpoint.it\/de\/\"},{\"@type\":\"ListItem\",\"position\":2,\"name\":\"West Point Airport Hotel\"}]},{\"@type\":\"WebSite\",\"@id\":\"https:\/\/www.hotelwestpoint.it\/de\/#website\",\"url\":\"https:\/\/www.hotelwestpoint.it\/de\/\",\"name\":\"Westpoint Hotel\",\"description\":\"Ecco un altro sito ms.decms.eu\",\"potentialAction\":[{\"@type\":\"SearchAction\",\"target\":{\"@type\":\"EntryPoint\",\"urlTemplate\":\"https:\/\/www.hotelwestpoint.it\/de\/?s={search_term_string}\"},\"query-input\":{\"@type\":\"PropertyValueSpecification\",\"valueRequired\":true,\"valueName\":\"search_term_string\"}}],\"inLanguage\":\"de-DE\"}]}<\/script>\n<!-- \/ Yoast SEO plugin. -->","yoast_head_json":{"title":"West Point Airport Hotel - Westpoint Hotel","description":"Wir sind ein modernes 4-Sterne-Hotel in einer ruhigen Gegend, 5 Minuten vom Flughafen Catullo - Villafranca entfernt, in g\u00fcnstiger N\u00e4he zur Ringstra\u00dfe und nur 9 km von Verona entfernt.  Unsere Funktionsfl\u00e4chen, das Park, Sleep &amp; Fly-Paket und die Tagungsr\u00e4ume machen uns zu einem Bezugspunkt sowohl f\u00fcr Gesch\u00e4ftskunden als auch f\u00fcr Urlauber. Die Stadt Verona, der Gardasee, Gardaland, der Natura Viva Park, der Sigurt\u00e0 Garden Park sowie viele Sch\u00f6nheiten unseres Territoriums sind alle in unmittelbarer N\u00e4he.","robots":{"index":"index","follow":"follow","max-snippet":"max-snippet:-1","max-image-preview":"max-image-preview:large","max-video-preview":"max-video-preview:-1"},"canonical":"https:\/\/www.hotelwestpoint.it\/de\/","og_locale":"de_DE","og_type":"article","og_title":"West Point Airport Hotel - Westpoint Hotel","og_description":"Wir sind ein modernes 4-Sterne-Hotel in einer ruhigen Gegend, 5 Minuten vom Flughafen Catullo - Villafranca entfernt, in g\u00fcnstiger N\u00e4he zur Ringstra\u00dfe und nur 9 km von Verona entfernt.  Unsere Funktionsfl\u00e4chen, das Park, Sleep &amp; Fly-Paket und die Tagungsr\u00e4ume machen uns zu einem Bezugspunkt sowohl f\u00fcr Gesch\u00e4ftskunden als auch f\u00fcr Urlauber. Die Stadt Verona, der Gardasee, Gardaland, der Natura Viva Park, der Sigurt\u00e0 Garden Park sowie viele Sch\u00f6nheiten unseres Territoriums sind alle in unmittelbarer N\u00e4he.","og_url":"https:\/\/www.hotelwestpoint.it\/de\/","og_site_name":"Westpoint Hotel","article_modified_time":"2024-07-15T09:27:21+00:00","twitter_card":"summary_large_image","twitter_misc":{"Gesch\u00e4tzte Lesezeit":"1 Minute"},"schema":{"@context":"https:\/\/schema.org","@graph":[{"@type":"WebPage","@id":"https:\/\/www.hotelwestpoint.it\/de\/","url":"https:\/\/www.hotelwestpoint.it\/de\/","name":"West Point Airport Hotel - Westpoint Hotel","isPartOf":{"@id":"https:\/\/www.hotelwestpoint.it\/de\/#website"},"datePublished":"2021-12-15T11:16:10+00:00","dateModified":"2024-07-15T09:27:21+00:00","description":"Wir sind ein modernes 4-Sterne-Hotel in einer ruhigen Gegend, 5 Minuten vom Flughafen Catullo - Villafranca entfernt, in g\u00fcnstiger N\u00e4he zur Ringstra\u00dfe und nur 9 km von Verona entfernt. Unsere Funktionsfl\u00e4chen, das Park, Sleep &amp; Fly-Paket und die Tagungsr\u00e4ume machen uns zu einem Bezugspunkt sowohl f\u00fcr Gesch\u00e4ftskunden als auch f\u00fcr Urlauber. Die Stadt Verona, der Gardasee, Gardaland, der Natura Viva Park, der Sigurt\u00e0 Garden Park sowie viele Sch\u00f6nheiten unseres Territoriums sind alle in unmittelbarer N\u00e4he.","breadcrumb":{"@id":"https:\/\/www.hotelwestpoint.it\/de\/#breadcrumb"},"inLanguage":"de-DE","potentialAction":[{"@type":"ReadAction","target":["https:\/\/www.hotelwestpoint.it\/de\/"]}]},{"@type":"BreadcrumbList","@id":"https:\/\/www.hotelwestpoint.it\/de\/#breadcrumb","itemListElement":[{"@type":"ListItem","position":1,"name":"Home","item":"https:\/\/www.hotelwestpoint.it\/de\/"},{"@type":"ListItem","position":2,"name":"West Point Airport Hotel"}]},{"@type":"WebSite","@id":"https:\/\/www.hotelwestpoint.it\/de\/#website","url":"https:\/\/www.hotelwestpoint.it\/de\/","name":"Westpoint Hotel","description":"Ecco un altro sito ms.decms.eu","potentialAction":[{"@type":"SearchAction","target":{"@type":"EntryPoint","urlTemplate":"https:\/\/www.hotelwestpoint.it\/de\/?s={search_term_string}"},"query-input":{"@type":"PropertyValueSpecification","valueRequired":true,"valueName":"search_term_string"}}],"inLanguage":"de-DE"}]}},"acf":[],"_links":{"self":[{"href":"https:\/\/www.hotelwestpoint.it\/de\/wp-json\/wp\/v2\/pages\/105","targetHints":{"allow":["GET"]}}],"collection":[{"href":"https:\/\/www.hotelwestpoint.it\/de\/wp-json\/wp\/v2\/pages"}],"about":[{"href":"https:\/\/www.hotelwestpoint.it\/de\/wp-json\/wp\/v2\/types\/page"}],"author":[{"embeddable":true,"href":"https:\/\/www.hotelwestpoint.it\/de\/wp-json\/wp\/v2\/users\/13"}],"replies":[{"embeddable":true,"href":"https:\/\/www.hotelwestpoint.it\/de\/wp-json\/wp\/v2\/comments?post=105"}],"version-history":[{"count":0,"href":"https:\/\/www.hotelwestpoint.it\/de\/wp-json\/wp\/v2\/pages\/105\/revisions"}],"wp:attachment":[{"href":"https:\/\/www.hotelwestpoint.it\/de\/wp-json\/wp\/v2\/media?parent=105"}],"curies":[{"name":"wp","href":"https:\/\/api.w.org\/{rel}","templated":true}]}}