{"id":107,"date":"2021-12-15T12:24:22","date_gmt":"2021-12-15T11:24:22","guid":{"rendered":"https:\/\/westpointhotel.ms.decms.eu\/?page_id=107"},"modified":"2022-05-26T11:54:31","modified_gmt":"2022-05-26T09:54:31","slug":"zimmer","status":"publish","type":"page","link":"https:\/\/www.hotelwestpoint.it\/de\/zimmer\/","title":{"rendered":"Zimmer"},"content":{"rendered":"<p>Wenn Sie Funktionalit\u00e4t und Komfort suchen, dann sind unsere Zimmer genau das Richtige f\u00fcr Sie.<\/p>\n<p>Unsere 81 Zimmer sind alle einladend und farbenfroh und zeichnen sich durch ihren minimalistischen Stil und ihre Ger\u00e4umigkeit aus.<\/p>\n<p>Gr\u00fcn, Rot und Blau sind die Farben, die sie charakterisieren und der Parkettboden ist ein gemeinsames Element<\/p>\n<p>M\u00f6chten Sie mehr wissen?<\/p>\n<p>St\u00f6bern Sie in unserer Galerie oder unter den verschiedenen vorgeschlagenen Typen und w\u00e4hlen Sie diejenige aus, die Ihnen am besten gef\u00e4llt.<\/p>\n","protected":false},"excerpt":{"rendered":"<p>Wenn Sie Funktionalit\u00e4t und Komfort suchen, dann sind unsere Zimmer genau das Richtige f\u00fcr Sie. Unsere 81 Zimmer sind alle einladend und farbenfroh und zeichnen sich durch ihren minimalistischen Stil und ihre Ger\u00e4umigkeit aus. Gr\u00fcn, Rot und Blau sind die Farben, die sie charakterisieren und der Parkettboden ist ein gemeinsames Element M\u00f6chten Sie mehr wissen? [&hellip;]<\/p>\n","protected":false},"author":13,"featured_media":0,"parent":0,"menu_order":20,"comment_status":"closed","ping_status":"closed","template":"template-rooms.php","meta":{"footnotes":""},"class_list":["post-107","page","type-page","status-publish","hentry"],"yoast_head":"<!-- This site is optimized with the Yoast SEO plugin v26.9 - https:\/\/yoast.com\/product\/yoast-seo-wordpress\/ -->\n<title>Zimmer - Westpoint Hotel<\/title>\n<meta name=\"description\" content=\"Wenn Sie Funktionalit\u00e4t und Komfort suchen, dann sind unsere Zimmer genau das Richtige f\u00fcr Sie.  Unsere 81 Zimmer sind alle einladend und farbenfroh und zeichnen sich durch ihren minimalistischen Stil und ihre Ger\u00e4umigkeit aus.  Gr\u00fcn, Rot und Blau sind die Farben, die sie charakterisieren und der Parkettboden ist ein gemeinsames Element  M\u00f6chten Sie mehr wissen?  St\u00f6bern Sie in unserer Galerie oder unter den verschiedenen vorgeschlagenen Typen und w\u00e4hlen Sie diejenige aus, die Ihnen am besten gef\u00e4llt..\" \/>\n<meta name=\"robots\" content=\"index, follow, max-snippet:-1, max-image-preview:large, max-video-preview:-1\" \/>\n<link rel=\"canonical\" href=\"https:\/\/www.hotelwestpoint.it\/de\/zimmer\/\" \/>\n<meta property=\"og:locale\" content=\"de_DE\" \/>\n<meta property=\"og:type\" content=\"article\" \/>\n<meta property=\"og:title\" content=\"Zimmer - Westpoint Hotel\" \/>\n<meta property=\"og:description\" content=\"Wenn Sie Funktionalit\u00e4t und Komfort suchen, dann sind unsere Zimmer genau das Richtige f\u00fcr Sie.  Unsere 81 Zimmer sind alle einladend und farbenfroh und zeichnen sich durch ihren minimalistischen Stil und ihre Ger\u00e4umigkeit aus.  Gr\u00fcn, Rot und Blau sind die Farben, die sie charakterisieren und der Parkettboden ist ein gemeinsames Element  M\u00f6chten Sie mehr wissen?  St\u00f6bern Sie in unserer Galerie oder unter den verschiedenen vorgeschlagenen Typen und w\u00e4hlen Sie diejenige aus, die Ihnen am besten gef\u00e4llt..\" \/>\n<meta property=\"og:url\" content=\"https:\/\/www.hotelwestpoint.it\/de\/zimmer\/\" \/>\n<meta property=\"og:site_name\" content=\"Westpoint Hotel\" \/>\n<meta property=\"article:modified_time\" content=\"2022-05-26T09:54:31+00:00\" \/>\n<meta name=\"twitter:card\" content=\"summary_large_image\" \/>\n<script type=\"application\/ld+json\" class=\"yoast-schema-graph\">{\"@context\":\"https:\/\/schema.org\",\"@graph\":[{\"@type\":\"WebPage\",\"@id\":\"https:\/\/www.hotelwestpoint.it\/de\/zimmer\/\",\"url\":\"https:\/\/www.hotelwestpoint.it\/de\/zimmer\/\",\"name\":\"Zimmer - Westpoint Hotel\",\"isPartOf\":{\"@id\":\"https:\/\/www.hotelwestpoint.it\/de\/#website\"},\"datePublished\":\"2021-12-15T11:24:22+00:00\",\"dateModified\":\"2022-05-26T09:54:31+00:00\",\"description\":\"Wenn Sie Funktionalit\u00e4t und Komfort suchen, dann sind unsere Zimmer genau das Richtige f\u00fcr Sie. Unsere 81 Zimmer sind alle einladend und farbenfroh und zeichnen sich durch ihren minimalistischen Stil und ihre Ger\u00e4umigkeit aus. Gr\u00fcn, Rot und Blau sind die Farben, die sie charakterisieren und der Parkettboden ist ein gemeinsames Element M\u00f6chten Sie mehr wissen? St\u00f6bern Sie in unserer Galerie oder unter den verschiedenen vorgeschlagenen Typen und w\u00e4hlen Sie diejenige aus, die Ihnen am besten gef\u00e4llt..\",\"breadcrumb\":{\"@id\":\"https:\/\/www.hotelwestpoint.it\/de\/zimmer\/#breadcrumb\"},\"inLanguage\":\"de-DE\",\"potentialAction\":[{\"@type\":\"ReadAction\",\"target\":[\"https:\/\/www.hotelwestpoint.it\/de\/zimmer\/\"]}]},{\"@type\":\"BreadcrumbList\",\"@id\":\"https:\/\/www.hotelwestpoint.it\/de\/zimmer\/#breadcrumb\",\"itemListElement\":[{\"@type\":\"ListItem\",\"position\":1,\"name\":\"Home\",\"item\":\"https:\/\/www.hotelwestpoint.it\/de\/\"},{\"@type\":\"ListItem\",\"position\":2,\"name\":\"Zimmer\"}]},{\"@type\":\"WebSite\",\"@id\":\"https:\/\/www.hotelwestpoint.it\/de\/#website\",\"url\":\"https:\/\/www.hotelwestpoint.it\/de\/\",\"name\":\"Westpoint Hotel\",\"description\":\"Ecco un altro sito ms.decms.eu\",\"potentialAction\":[{\"@type\":\"SearchAction\",\"target\":{\"@type\":\"EntryPoint\",\"urlTemplate\":\"https:\/\/www.hotelwestpoint.it\/de\/?s={search_term_string}\"},\"query-input\":{\"@type\":\"PropertyValueSpecification\",\"valueRequired\":true,\"valueName\":\"search_term_string\"}}],\"inLanguage\":\"de-DE\"}]}<\/script>\n<!-- \/ Yoast SEO plugin. -->","yoast_head_json":{"title":"Zimmer - Westpoint Hotel","description":"Wenn Sie Funktionalit\u00e4t und Komfort suchen, dann sind unsere Zimmer genau das Richtige f\u00fcr Sie.  Unsere 81 Zimmer sind alle einladend und farbenfroh und zeichnen sich durch ihren minimalistischen Stil und ihre Ger\u00e4umigkeit aus.  Gr\u00fcn, Rot und Blau sind die Farben, die sie charakterisieren und der Parkettboden ist ein gemeinsames Element  M\u00f6chten Sie mehr wissen?  St\u00f6bern Sie in unserer Galerie oder unter den verschiedenen vorgeschlagenen Typen und w\u00e4hlen Sie diejenige aus, die Ihnen am besten gef\u00e4llt..","robots":{"index":"index","follow":"follow","max-snippet":"max-snippet:-1","max-image-preview":"max-image-preview:large","max-video-preview":"max-video-preview:-1"},"canonical":"https:\/\/www.hotelwestpoint.it\/de\/zimmer\/","og_locale":"de_DE","og_type":"article","og_title":"Zimmer - Westpoint Hotel","og_description":"Wenn Sie Funktionalit\u00e4t und Komfort suchen, dann sind unsere Zimmer genau das Richtige f\u00fcr Sie.  Unsere 81 Zimmer sind alle einladend und farbenfroh und zeichnen sich durch ihren minimalistischen Stil und ihre Ger\u00e4umigkeit aus.  Gr\u00fcn, Rot und Blau sind die Farben, die sie charakterisieren und der Parkettboden ist ein gemeinsames Element  M\u00f6chten Sie mehr wissen?  St\u00f6bern Sie in unserer Galerie oder unter den verschiedenen vorgeschlagenen Typen und w\u00e4hlen Sie diejenige aus, die Ihnen am besten gef\u00e4llt..","og_url":"https:\/\/www.hotelwestpoint.it\/de\/zimmer\/","og_site_name":"Westpoint Hotel","article_modified_time":"2022-05-26T09:54:31+00:00","twitter_card":"summary_large_image","schema":{"@context":"https:\/\/schema.org","@graph":[{"@type":"WebPage","@id":"https:\/\/www.hotelwestpoint.it\/de\/zimmer\/","url":"https:\/\/www.hotelwestpoint.it\/de\/zimmer\/","name":"Zimmer - Westpoint Hotel","isPartOf":{"@id":"https:\/\/www.hotelwestpoint.it\/de\/#website"},"datePublished":"2021-12-15T11:24:22+00:00","dateModified":"2022-05-26T09:54:31+00:00","description":"Wenn Sie Funktionalit\u00e4t und Komfort suchen, dann sind unsere Zimmer genau das Richtige f\u00fcr Sie. Unsere 81 Zimmer sind alle einladend und farbenfroh und zeichnen sich durch ihren minimalistischen Stil und ihre Ger\u00e4umigkeit aus. Gr\u00fcn, Rot und Blau sind die Farben, die sie charakterisieren und der Parkettboden ist ein gemeinsames Element M\u00f6chten Sie mehr wissen? St\u00f6bern Sie in unserer Galerie oder unter den verschiedenen vorgeschlagenen Typen und w\u00e4hlen Sie diejenige aus, die Ihnen am besten gef\u00e4llt..","breadcrumb":{"@id":"https:\/\/www.hotelwestpoint.it\/de\/zimmer\/#breadcrumb"},"inLanguage":"de-DE","potentialAction":[{"@type":"ReadAction","target":["https:\/\/www.hotelwestpoint.it\/de\/zimmer\/"]}]},{"@type":"BreadcrumbList","@id":"https:\/\/www.hotelwestpoint.it\/de\/zimmer\/#breadcrumb","itemListElement":[{"@type":"ListItem","position":1,"name":"Home","item":"https:\/\/www.hotelwestpoint.it\/de\/"},{"@type":"ListItem","position":2,"name":"Zimmer"}]},{"@type":"WebSite","@id":"https:\/\/www.hotelwestpoint.it\/de\/#website","url":"https:\/\/www.hotelwestpoint.it\/de\/","name":"Westpoint Hotel","description":"Ecco un altro sito ms.decms.eu","potentialAction":[{"@type":"SearchAction","target":{"@type":"EntryPoint","urlTemplate":"https:\/\/www.hotelwestpoint.it\/de\/?s={search_term_string}"},"query-input":{"@type":"PropertyValueSpecification","valueRequired":true,"valueName":"search_term_string"}}],"inLanguage":"de-DE"}]}},"acf":[],"_links":{"self":[{"href":"https:\/\/www.hotelwestpoint.it\/de\/wp-json\/wp\/v2\/pages\/107","targetHints":{"allow":["GET"]}}],"collection":[{"href":"https:\/\/www.hotelwestpoint.it\/de\/wp-json\/wp\/v2\/pages"}],"about":[{"href":"https:\/\/www.hotelwestpoint.it\/de\/wp-json\/wp\/v2\/types\/page"}],"author":[{"embeddable":true,"href":"https:\/\/www.hotelwestpoint.it\/de\/wp-json\/wp\/v2\/users\/13"}],"replies":[{"embeddable":true,"href":"https:\/\/www.hotelwestpoint.it\/de\/wp-json\/wp\/v2\/comments?post=107"}],"version-history":[{"count":0,"href":"https:\/\/www.hotelwestpoint.it\/de\/wp-json\/wp\/v2\/pages\/107\/revisions"}],"wp:attachment":[{"href":"https:\/\/www.hotelwestpoint.it\/de\/wp-json\/wp\/v2\/media?parent=107"}],"curies":[{"name":"wp","href":"https:\/\/api.w.org\/{rel}","templated":true}]}}