{"id":108,"date":"2021-12-15T12:28:26","date_gmt":"2021-12-15T11:28:26","guid":{"rendered":"https:\/\/westpointhotel.ms.decms.eu\/?page_id=108"},"modified":"2022-02-17T14:52:57","modified_gmt":"2022-02-17T13:52:57","slug":"standard-zimmer","status":"publish","type":"page","link":"https:\/\/www.hotelwestpoint.it\/de\/zimmer\/standard-zimmer\/","title":{"rendered":"Standard Zimmer"},"content":{"rendered":"<p>Moderne Einrichtung in schlichten und lebendigen Farben. Jedem Stock ist zu einer Farbe gewidmet.<br \/>\nParkettb\u00f6den, helle Holzm\u00f6bel , Badezimmer mit Dusche.<br \/>\nM\u00f6glichkeit von Doppelzimmer oder Zweibettzimmer.<\/p>\n","protected":false},"excerpt":{"rendered":"<p>Moderne Einrichtung in schlichten und lebendigen Farben. Jedem Stock ist zu einer Farbe gewidmet. Parkettb\u00f6den, helle Holzm\u00f6bel , Badezimmer mit Dusche. M\u00f6glichkeit von Doppelzimmer oder Zweibettzimmer.<\/p>\n","protected":false},"author":13,"featured_media":0,"parent":107,"menu_order":10,"comment_status":"closed","ping_status":"closed","template":"template-single-room.php","meta":{"footnotes":""},"class_list":["post-108","page","type-page","status-publish","hentry"],"yoast_head":"<!-- This site is optimized with the Yoast SEO plugin v26.9 - https:\/\/yoast.com\/product\/yoast-seo-wordpress\/ -->\n<title>Standard Zimmer - Westpoint Hotel<\/title>\n<meta name=\"description\" content=\"Moderne Einrichtung in schlichten und lebendigen Farben. Jedem Stock ist zu einer Farbe gewidmet. Parkettb\u00f6den, helle Holzm\u00f6bel , Badezimmer mit Dusche. M\u00f6glichkeit von Doppelzimmer oder Zweibettzimmer.\" \/>\n<meta name=\"robots\" content=\"index, follow, max-snippet:-1, max-image-preview:large, max-video-preview:-1\" \/>\n<link rel=\"canonical\" href=\"https:\/\/www.hotelwestpoint.it\/de\/zimmer\/standard-zimmer\/\" \/>\n<meta property=\"og:locale\" content=\"de_DE\" \/>\n<meta property=\"og:type\" content=\"article\" \/>\n<meta property=\"og:title\" content=\"Standard Zimmer - Westpoint Hotel\" \/>\n<meta property=\"og:description\" content=\"Moderne Einrichtung in schlichten und lebendigen Farben. Jedem Stock ist zu einer Farbe gewidmet. Parkettb\u00f6den, helle Holzm\u00f6bel , Badezimmer mit Dusche. M\u00f6glichkeit von Doppelzimmer oder Zweibettzimmer.\" \/>\n<meta property=\"og:url\" content=\"https:\/\/www.hotelwestpoint.it\/de\/zimmer\/standard-zimmer\/\" \/>\n<meta property=\"og:site_name\" content=\"Westpoint Hotel\" \/>\n<meta property=\"article:modified_time\" content=\"2022-02-17T13:52:57+00:00\" \/>\n<meta name=\"twitter:card\" content=\"summary_large_image\" \/>\n<script type=\"application\/ld+json\" class=\"yoast-schema-graph\">{\"@context\":\"https:\/\/schema.org\",\"@graph\":[{\"@type\":\"WebPage\",\"@id\":\"https:\/\/www.hotelwestpoint.it\/de\/zimmer\/standard-zimmer\/\",\"url\":\"https:\/\/www.hotelwestpoint.it\/de\/zimmer\/standard-zimmer\/\",\"name\":\"Standard Zimmer - Westpoint Hotel\",\"isPartOf\":{\"@id\":\"https:\/\/www.hotelwestpoint.it\/de\/#website\"},\"datePublished\":\"2021-12-15T11:28:26+00:00\",\"dateModified\":\"2022-02-17T13:52:57+00:00\",\"description\":\"Moderne Einrichtung in schlichten und lebendigen Farben. Jedem Stock ist zu einer Farbe gewidmet. Parkettb\u00f6den, helle Holzm\u00f6bel , Badezimmer mit Dusche. M\u00f6glichkeit von Doppelzimmer oder Zweibettzimmer.\",\"breadcrumb\":{\"@id\":\"https:\/\/www.hotelwestpoint.it\/de\/zimmer\/standard-zimmer\/#breadcrumb\"},\"inLanguage\":\"de-DE\",\"potentialAction\":[{\"@type\":\"ReadAction\",\"target\":[\"https:\/\/www.hotelwestpoint.it\/de\/zimmer\/standard-zimmer\/\"]}]},{\"@type\":\"BreadcrumbList\",\"@id\":\"https:\/\/www.hotelwestpoint.it\/de\/zimmer\/standard-zimmer\/#breadcrumb\",\"itemListElement\":[{\"@type\":\"ListItem\",\"position\":1,\"name\":\"Home\",\"item\":\"https:\/\/www.hotelwestpoint.it\/de\/\"},{\"@type\":\"ListItem\",\"position\":2,\"name\":\"Zimmer\",\"item\":\"https:\/\/www.hotelwestpoint.it\/de\/zimmer\/\"},{\"@type\":\"ListItem\",\"position\":3,\"name\":\"Standard Zimmer\"}]},{\"@type\":\"WebSite\",\"@id\":\"https:\/\/www.hotelwestpoint.it\/de\/#website\",\"url\":\"https:\/\/www.hotelwestpoint.it\/de\/\",\"name\":\"Westpoint Hotel\",\"description\":\"Ecco un altro sito ms.decms.eu\",\"potentialAction\":[{\"@type\":\"SearchAction\",\"target\":{\"@type\":\"EntryPoint\",\"urlTemplate\":\"https:\/\/www.hotelwestpoint.it\/de\/?s={search_term_string}\"},\"query-input\":{\"@type\":\"PropertyValueSpecification\",\"valueRequired\":true,\"valueName\":\"search_term_string\"}}],\"inLanguage\":\"de-DE\"}]}<\/script>\n<!-- \/ Yoast SEO plugin. -->","yoast_head_json":{"title":"Standard Zimmer - Westpoint Hotel","description":"Moderne Einrichtung in schlichten und lebendigen Farben. Jedem Stock ist zu einer Farbe gewidmet. Parkettb\u00f6den, helle Holzm\u00f6bel , Badezimmer mit Dusche. M\u00f6glichkeit von Doppelzimmer oder Zweibettzimmer.","robots":{"index":"index","follow":"follow","max-snippet":"max-snippet:-1","max-image-preview":"max-image-preview:large","max-video-preview":"max-video-preview:-1"},"canonical":"https:\/\/www.hotelwestpoint.it\/de\/zimmer\/standard-zimmer\/","og_locale":"de_DE","og_type":"article","og_title":"Standard Zimmer - Westpoint Hotel","og_description":"Moderne Einrichtung in schlichten und lebendigen Farben. Jedem Stock ist zu einer Farbe gewidmet. Parkettb\u00f6den, helle Holzm\u00f6bel , Badezimmer mit Dusche. M\u00f6glichkeit von Doppelzimmer oder Zweibettzimmer.","og_url":"https:\/\/www.hotelwestpoint.it\/de\/zimmer\/standard-zimmer\/","og_site_name":"Westpoint Hotel","article_modified_time":"2022-02-17T13:52:57+00:00","twitter_card":"summary_large_image","schema":{"@context":"https:\/\/schema.org","@graph":[{"@type":"WebPage","@id":"https:\/\/www.hotelwestpoint.it\/de\/zimmer\/standard-zimmer\/","url":"https:\/\/www.hotelwestpoint.it\/de\/zimmer\/standard-zimmer\/","name":"Standard Zimmer - Westpoint Hotel","isPartOf":{"@id":"https:\/\/www.hotelwestpoint.it\/de\/#website"},"datePublished":"2021-12-15T11:28:26+00:00","dateModified":"2022-02-17T13:52:57+00:00","description":"Moderne Einrichtung in schlichten und lebendigen Farben. Jedem Stock ist zu einer Farbe gewidmet. Parkettb\u00f6den, helle Holzm\u00f6bel , Badezimmer mit Dusche. M\u00f6glichkeit von Doppelzimmer oder Zweibettzimmer.","breadcrumb":{"@id":"https:\/\/www.hotelwestpoint.it\/de\/zimmer\/standard-zimmer\/#breadcrumb"},"inLanguage":"de-DE","potentialAction":[{"@type":"ReadAction","target":["https:\/\/www.hotelwestpoint.it\/de\/zimmer\/standard-zimmer\/"]}]},{"@type":"BreadcrumbList","@id":"https:\/\/www.hotelwestpoint.it\/de\/zimmer\/standard-zimmer\/#breadcrumb","itemListElement":[{"@type":"ListItem","position":1,"name":"Home","item":"https:\/\/www.hotelwestpoint.it\/de\/"},{"@type":"ListItem","position":2,"name":"Zimmer","item":"https:\/\/www.hotelwestpoint.it\/de\/zimmer\/"},{"@type":"ListItem","position":3,"name":"Standard Zimmer"}]},{"@type":"WebSite","@id":"https:\/\/www.hotelwestpoint.it\/de\/#website","url":"https:\/\/www.hotelwestpoint.it\/de\/","name":"Westpoint Hotel","description":"Ecco un altro sito ms.decms.eu","potentialAction":[{"@type":"SearchAction","target":{"@type":"EntryPoint","urlTemplate":"https:\/\/www.hotelwestpoint.it\/de\/?s={search_term_string}"},"query-input":{"@type":"PropertyValueSpecification","valueRequired":true,"valueName":"search_term_string"}}],"inLanguage":"de-DE"}]}},"acf":[],"_links":{"self":[{"href":"https:\/\/www.hotelwestpoint.it\/de\/wp-json\/wp\/v2\/pages\/108","targetHints":{"allow":["GET"]}}],"collection":[{"href":"https:\/\/www.hotelwestpoint.it\/de\/wp-json\/wp\/v2\/pages"}],"about":[{"href":"https:\/\/www.hotelwestpoint.it\/de\/wp-json\/wp\/v2\/types\/page"}],"author":[{"embeddable":true,"href":"https:\/\/www.hotelwestpoint.it\/de\/wp-json\/wp\/v2\/users\/13"}],"replies":[{"embeddable":true,"href":"https:\/\/www.hotelwestpoint.it\/de\/wp-json\/wp\/v2\/comments?post=108"}],"version-history":[{"count":0,"href":"https:\/\/www.hotelwestpoint.it\/de\/wp-json\/wp\/v2\/pages\/108\/revisions"}],"up":[{"embeddable":true,"href":"https:\/\/www.hotelwestpoint.it\/de\/wp-json\/wp\/v2\/pages\/107"}],"wp:attachment":[{"href":"https:\/\/www.hotelwestpoint.it\/de\/wp-json\/wp\/v2\/media?parent=108"}],"curies":[{"name":"wp","href":"https:\/\/api.w.org\/{rel}","templated":true}]}}