{"id":111,"date":"2021-12-15T12:28:31","date_gmt":"2021-12-15T11:28:31","guid":{"rendered":"https:\/\/westpointhotel.ms.decms.eu\/?page_id=111"},"modified":"2022-02-17T15:03:07","modified_gmt":"2022-02-17T14:03:07","slug":"familienzimmer","status":"publish","type":"page","link":"https:\/\/www.hotelwestpoint.it\/de\/zimmer\/familienzimmer\/","title":{"rendered":"Familienzimmer"},"content":{"rendered":"<p>Ger\u00e4umig und mit allem Komfort ausgestattet, speziell f\u00fcr Familien mit kleinen Kindern<\/p>\n<p>Die beiden R\u00e4ume, aus denen sie bestehen, sind einladend eingerichtet und verf\u00fcgen \u00fcber Parkettboden.<\/p>\n<p>Sie verf\u00fcgen \u00fcber ein Doppelschlafsofa und ein Badezimmer mit Badewanne.<\/p>\n","protected":false},"excerpt":{"rendered":"<p>Ger\u00e4umig und mit allem Komfort ausgestattet, speziell f\u00fcr Familien mit kleinen Kindern Die beiden R\u00e4ume, aus denen sie bestehen, sind einladend eingerichtet und verf\u00fcgen \u00fcber Parkettboden. Sie verf\u00fcgen \u00fcber ein Doppelschlafsofa und ein Badezimmer mit Badewanne.<\/p>\n","protected":false},"author":13,"featured_media":0,"parent":107,"menu_order":40,"comment_status":"closed","ping_status":"closed","template":"template-single-room.php","meta":{"footnotes":""},"class_list":["post-111","page","type-page","status-publish","hentry"],"yoast_head":"<!-- This site is optimized with the Yoast SEO plugin v26.9 - https:\/\/yoast.com\/product\/yoast-seo-wordpress\/ -->\n<title>Familienzimmer - Westpoint Hotel<\/title>\n<meta name=\"description\" content=\"Ger\u00e4umig und mit allem Komfort ausgestattet, speziell f\u00fcr Familien mit kleinen Kindern  Die beiden R\u00e4ume, aus denen sie bestehen, sind einladend eingerichtet und verf\u00fcgen \u00fcber Parkettboden.  Sie verf\u00fcgen \u00fcber ein Doppelschlafsofa und ein Badezimmer mit Badewanne..\" \/>\n<meta name=\"robots\" content=\"index, follow, max-snippet:-1, max-image-preview:large, max-video-preview:-1\" \/>\n<link rel=\"canonical\" href=\"https:\/\/www.hotelwestpoint.it\/de\/zimmer\/familienzimmer\/\" \/>\n<meta property=\"og:locale\" content=\"de_DE\" \/>\n<meta property=\"og:type\" content=\"article\" \/>\n<meta property=\"og:title\" content=\"Familienzimmer - Westpoint Hotel\" \/>\n<meta property=\"og:description\" content=\"Ger\u00e4umig und mit allem Komfort ausgestattet, speziell f\u00fcr Familien mit kleinen Kindern  Die beiden R\u00e4ume, aus denen sie bestehen, sind einladend eingerichtet und verf\u00fcgen \u00fcber Parkettboden.  Sie verf\u00fcgen \u00fcber ein Doppelschlafsofa und ein Badezimmer mit Badewanne..\" \/>\n<meta property=\"og:url\" content=\"https:\/\/www.hotelwestpoint.it\/de\/zimmer\/familienzimmer\/\" \/>\n<meta property=\"og:site_name\" content=\"Westpoint Hotel\" \/>\n<meta property=\"article:modified_time\" content=\"2022-02-17T14:03:07+00:00\" \/>\n<meta name=\"twitter:card\" content=\"summary_large_image\" \/>\n<script type=\"application\/ld+json\" class=\"yoast-schema-graph\">{\"@context\":\"https:\/\/schema.org\",\"@graph\":[{\"@type\":\"WebPage\",\"@id\":\"https:\/\/www.hotelwestpoint.it\/de\/zimmer\/familienzimmer\/\",\"url\":\"https:\/\/www.hotelwestpoint.it\/de\/zimmer\/familienzimmer\/\",\"name\":\"Familienzimmer - Westpoint Hotel\",\"isPartOf\":{\"@id\":\"https:\/\/www.hotelwestpoint.it\/de\/#website\"},\"datePublished\":\"2021-12-15T11:28:31+00:00\",\"dateModified\":\"2022-02-17T14:03:07+00:00\",\"description\":\"Ger\u00e4umig und mit allem Komfort ausgestattet, speziell f\u00fcr Familien mit kleinen Kindern Die beiden R\u00e4ume, aus denen sie bestehen, sind einladend eingerichtet und verf\u00fcgen \u00fcber Parkettboden. Sie verf\u00fcgen \u00fcber ein Doppelschlafsofa und ein Badezimmer mit Badewanne..\",\"breadcrumb\":{\"@id\":\"https:\/\/www.hotelwestpoint.it\/de\/zimmer\/familienzimmer\/#breadcrumb\"},\"inLanguage\":\"de-DE\",\"potentialAction\":[{\"@type\":\"ReadAction\",\"target\":[\"https:\/\/www.hotelwestpoint.it\/de\/zimmer\/familienzimmer\/\"]}]},{\"@type\":\"BreadcrumbList\",\"@id\":\"https:\/\/www.hotelwestpoint.it\/de\/zimmer\/familienzimmer\/#breadcrumb\",\"itemListElement\":[{\"@type\":\"ListItem\",\"position\":1,\"name\":\"Home\",\"item\":\"https:\/\/www.hotelwestpoint.it\/de\/\"},{\"@type\":\"ListItem\",\"position\":2,\"name\":\"Zimmer\",\"item\":\"https:\/\/www.hotelwestpoint.it\/de\/zimmer\/\"},{\"@type\":\"ListItem\",\"position\":3,\"name\":\"Familienzimmer\"}]},{\"@type\":\"WebSite\",\"@id\":\"https:\/\/www.hotelwestpoint.it\/de\/#website\",\"url\":\"https:\/\/www.hotelwestpoint.it\/de\/\",\"name\":\"Westpoint Hotel\",\"description\":\"Ecco un altro sito ms.decms.eu\",\"potentialAction\":[{\"@type\":\"SearchAction\",\"target\":{\"@type\":\"EntryPoint\",\"urlTemplate\":\"https:\/\/www.hotelwestpoint.it\/de\/?s={search_term_string}\"},\"query-input\":{\"@type\":\"PropertyValueSpecification\",\"valueRequired\":true,\"valueName\":\"search_term_string\"}}],\"inLanguage\":\"de-DE\"}]}<\/script>\n<!-- \/ Yoast SEO plugin. -->","yoast_head_json":{"title":"Familienzimmer - Westpoint Hotel","description":"Ger\u00e4umig und mit allem Komfort ausgestattet, speziell f\u00fcr Familien mit kleinen Kindern  Die beiden R\u00e4ume, aus denen sie bestehen, sind einladend eingerichtet und verf\u00fcgen \u00fcber Parkettboden.  Sie verf\u00fcgen \u00fcber ein Doppelschlafsofa und ein Badezimmer mit Badewanne..","robots":{"index":"index","follow":"follow","max-snippet":"max-snippet:-1","max-image-preview":"max-image-preview:large","max-video-preview":"max-video-preview:-1"},"canonical":"https:\/\/www.hotelwestpoint.it\/de\/zimmer\/familienzimmer\/","og_locale":"de_DE","og_type":"article","og_title":"Familienzimmer - Westpoint Hotel","og_description":"Ger\u00e4umig und mit allem Komfort ausgestattet, speziell f\u00fcr Familien mit kleinen Kindern  Die beiden R\u00e4ume, aus denen sie bestehen, sind einladend eingerichtet und verf\u00fcgen \u00fcber Parkettboden.  Sie verf\u00fcgen \u00fcber ein Doppelschlafsofa und ein Badezimmer mit Badewanne..","og_url":"https:\/\/www.hotelwestpoint.it\/de\/zimmer\/familienzimmer\/","og_site_name":"Westpoint Hotel","article_modified_time":"2022-02-17T14:03:07+00:00","twitter_card":"summary_large_image","schema":{"@context":"https:\/\/schema.org","@graph":[{"@type":"WebPage","@id":"https:\/\/www.hotelwestpoint.it\/de\/zimmer\/familienzimmer\/","url":"https:\/\/www.hotelwestpoint.it\/de\/zimmer\/familienzimmer\/","name":"Familienzimmer - Westpoint Hotel","isPartOf":{"@id":"https:\/\/www.hotelwestpoint.it\/de\/#website"},"datePublished":"2021-12-15T11:28:31+00:00","dateModified":"2022-02-17T14:03:07+00:00","description":"Ger\u00e4umig und mit allem Komfort ausgestattet, speziell f\u00fcr Familien mit kleinen Kindern Die beiden R\u00e4ume, aus denen sie bestehen, sind einladend eingerichtet und verf\u00fcgen \u00fcber Parkettboden. Sie verf\u00fcgen \u00fcber ein Doppelschlafsofa und ein Badezimmer mit Badewanne..","breadcrumb":{"@id":"https:\/\/www.hotelwestpoint.it\/de\/zimmer\/familienzimmer\/#breadcrumb"},"inLanguage":"de-DE","potentialAction":[{"@type":"ReadAction","target":["https:\/\/www.hotelwestpoint.it\/de\/zimmer\/familienzimmer\/"]}]},{"@type":"BreadcrumbList","@id":"https:\/\/www.hotelwestpoint.it\/de\/zimmer\/familienzimmer\/#breadcrumb","itemListElement":[{"@type":"ListItem","position":1,"name":"Home","item":"https:\/\/www.hotelwestpoint.it\/de\/"},{"@type":"ListItem","position":2,"name":"Zimmer","item":"https:\/\/www.hotelwestpoint.it\/de\/zimmer\/"},{"@type":"ListItem","position":3,"name":"Familienzimmer"}]},{"@type":"WebSite","@id":"https:\/\/www.hotelwestpoint.it\/de\/#website","url":"https:\/\/www.hotelwestpoint.it\/de\/","name":"Westpoint Hotel","description":"Ecco un altro sito ms.decms.eu","potentialAction":[{"@type":"SearchAction","target":{"@type":"EntryPoint","urlTemplate":"https:\/\/www.hotelwestpoint.it\/de\/?s={search_term_string}"},"query-input":{"@type":"PropertyValueSpecification","valueRequired":true,"valueName":"search_term_string"}}],"inLanguage":"de-DE"}]}},"acf":[],"_links":{"self":[{"href":"https:\/\/www.hotelwestpoint.it\/de\/wp-json\/wp\/v2\/pages\/111","targetHints":{"allow":["GET"]}}],"collection":[{"href":"https:\/\/www.hotelwestpoint.it\/de\/wp-json\/wp\/v2\/pages"}],"about":[{"href":"https:\/\/www.hotelwestpoint.it\/de\/wp-json\/wp\/v2\/types\/page"}],"author":[{"embeddable":true,"href":"https:\/\/www.hotelwestpoint.it\/de\/wp-json\/wp\/v2\/users\/13"}],"replies":[{"embeddable":true,"href":"https:\/\/www.hotelwestpoint.it\/de\/wp-json\/wp\/v2\/comments?post=111"}],"version-history":[{"count":0,"href":"https:\/\/www.hotelwestpoint.it\/de\/wp-json\/wp\/v2\/pages\/111\/revisions"}],"up":[{"embeddable":true,"href":"https:\/\/www.hotelwestpoint.it\/de\/wp-json\/wp\/v2\/pages\/107"}],"wp:attachment":[{"href":"https:\/\/www.hotelwestpoint.it\/de\/wp-json\/wp\/v2\/media?parent=111"}],"curies":[{"name":"wp","href":"https:\/\/api.w.org\/{rel}","templated":true}]}}