{"id":112,"date":"2021-12-15T12:28:32","date_gmt":"2021-12-15T11:28:32","guid":{"rendered":"https:\/\/westpointhotel.ms.decms.eu\/?page_id=112"},"modified":"2022-02-17T15:04:29","modified_gmt":"2022-02-17T14:04:29","slug":"superior-zimmer","status":"publish","type":"page","link":"https:\/\/www.hotelwestpoint.it\/de\/zimmer\/superior-zimmer\/","title":{"rendered":"Superior Zimmer"},"content":{"rendered":"<p>Komfortable Zimmer f\u00fcr Paare. Sie unterscheiden sich von unseren Standardzimmern f\u00fcr gr\u00f6\u00dfere R\u00e4ume.<\/p>\n<p>Lounge in einem separaten Bereich. Reichhaltiges Willkommensset mit Bademantel und Hausschuhen, Wasserkocher mit Tee, Kr\u00e4utertees und Kaffee, Badezimmer mit Badewanne.<\/p>\n<p>Dachgeschossdecke mit Holzbalken, Parkettboden, modernes Dekor in hellen T\u00f6nen.<\/p>\n","protected":false},"excerpt":{"rendered":"<p>Komfortable Zimmer f\u00fcr Paare. Sie unterscheiden sich von unseren Standardzimmern f\u00fcr gr\u00f6\u00dfere R\u00e4ume. Lounge in einem separaten Bereich. Reichhaltiges Willkommensset mit Bademantel und Hausschuhen, Wasserkocher mit Tee, Kr\u00e4utertees und Kaffee, Badezimmer mit Badewanne. Dachgeschossdecke mit Holzbalken, Parkettboden, modernes Dekor in hellen T\u00f6nen.<\/p>\n","protected":false},"author":13,"featured_media":0,"parent":107,"menu_order":50,"comment_status":"closed","ping_status":"closed","template":"template-single-room.php","meta":{"footnotes":""},"class_list":["post-112","page","type-page","status-publish","hentry"],"yoast_head":"<!-- This site is optimized with the Yoast SEO plugin v26.9 - https:\/\/yoast.com\/product\/yoast-seo-wordpress\/ -->\n<title>Superior Zimmer - Westpoint Hotel<\/title>\n<meta name=\"description\" content=\"Komfortable Zimmer f\u00fcr Paare. Sie unterscheiden sich von unseren Standardzimmern f\u00fcr gr\u00f6\u00dfere R\u00e4ume.  Lounge in einem separaten Bereich\" \/>\n<meta name=\"robots\" content=\"index, follow, max-snippet:-1, max-image-preview:large, max-video-preview:-1\" \/>\n<link rel=\"canonical\" href=\"https:\/\/www.hotelwestpoint.it\/de\/zimmer\/superior-zimmer\/\" \/>\n<meta property=\"og:locale\" content=\"de_DE\" \/>\n<meta property=\"og:type\" content=\"article\" \/>\n<meta property=\"og:title\" content=\"Superior Zimmer - Westpoint Hotel\" \/>\n<meta property=\"og:description\" content=\"Komfortable Zimmer f\u00fcr Paare. Sie unterscheiden sich von unseren Standardzimmern f\u00fcr gr\u00f6\u00dfere R\u00e4ume.  Lounge in einem separaten Bereich\" \/>\n<meta property=\"og:url\" content=\"https:\/\/www.hotelwestpoint.it\/de\/zimmer\/superior-zimmer\/\" \/>\n<meta property=\"og:site_name\" content=\"Westpoint Hotel\" \/>\n<meta property=\"article:modified_time\" content=\"2022-02-17T14:04:29+00:00\" \/>\n<meta name=\"twitter:card\" content=\"summary_large_image\" \/>\n<script type=\"application\/ld+json\" class=\"yoast-schema-graph\">{\"@context\":\"https:\/\/schema.org\",\"@graph\":[{\"@type\":\"WebPage\",\"@id\":\"https:\/\/www.hotelwestpoint.it\/de\/zimmer\/superior-zimmer\/\",\"url\":\"https:\/\/www.hotelwestpoint.it\/de\/zimmer\/superior-zimmer\/\",\"name\":\"Superior Zimmer - Westpoint Hotel\",\"isPartOf\":{\"@id\":\"https:\/\/www.hotelwestpoint.it\/de\/#website\"},\"datePublished\":\"2021-12-15T11:28:32+00:00\",\"dateModified\":\"2022-02-17T14:04:29+00:00\",\"description\":\"Komfortable Zimmer f\u00fcr Paare. Sie unterscheiden sich von unseren Standardzimmern f\u00fcr gr\u00f6\u00dfere R\u00e4ume. Lounge in einem separaten Bereich\",\"breadcrumb\":{\"@id\":\"https:\/\/www.hotelwestpoint.it\/de\/zimmer\/superior-zimmer\/#breadcrumb\"},\"inLanguage\":\"de-DE\",\"potentialAction\":[{\"@type\":\"ReadAction\",\"target\":[\"https:\/\/www.hotelwestpoint.it\/de\/zimmer\/superior-zimmer\/\"]}]},{\"@type\":\"BreadcrumbList\",\"@id\":\"https:\/\/www.hotelwestpoint.it\/de\/zimmer\/superior-zimmer\/#breadcrumb\",\"itemListElement\":[{\"@type\":\"ListItem\",\"position\":1,\"name\":\"Home\",\"item\":\"https:\/\/www.hotelwestpoint.it\/de\/\"},{\"@type\":\"ListItem\",\"position\":2,\"name\":\"Zimmer\",\"item\":\"https:\/\/www.hotelwestpoint.it\/de\/zimmer\/\"},{\"@type\":\"ListItem\",\"position\":3,\"name\":\"Superior Zimmer\"}]},{\"@type\":\"WebSite\",\"@id\":\"https:\/\/www.hotelwestpoint.it\/de\/#website\",\"url\":\"https:\/\/www.hotelwestpoint.it\/de\/\",\"name\":\"Westpoint Hotel\",\"description\":\"Ecco un altro sito ms.decms.eu\",\"potentialAction\":[{\"@type\":\"SearchAction\",\"target\":{\"@type\":\"EntryPoint\",\"urlTemplate\":\"https:\/\/www.hotelwestpoint.it\/de\/?s={search_term_string}\"},\"query-input\":{\"@type\":\"PropertyValueSpecification\",\"valueRequired\":true,\"valueName\":\"search_term_string\"}}],\"inLanguage\":\"de-DE\"}]}<\/script>\n<!-- \/ Yoast SEO plugin. -->","yoast_head_json":{"title":"Superior Zimmer - Westpoint Hotel","description":"Komfortable Zimmer f\u00fcr Paare. Sie unterscheiden sich von unseren Standardzimmern f\u00fcr gr\u00f6\u00dfere R\u00e4ume.  Lounge in einem separaten Bereich","robots":{"index":"index","follow":"follow","max-snippet":"max-snippet:-1","max-image-preview":"max-image-preview:large","max-video-preview":"max-video-preview:-1"},"canonical":"https:\/\/www.hotelwestpoint.it\/de\/zimmer\/superior-zimmer\/","og_locale":"de_DE","og_type":"article","og_title":"Superior Zimmer - Westpoint Hotel","og_description":"Komfortable Zimmer f\u00fcr Paare. Sie unterscheiden sich von unseren Standardzimmern f\u00fcr gr\u00f6\u00dfere R\u00e4ume.  Lounge in einem separaten Bereich","og_url":"https:\/\/www.hotelwestpoint.it\/de\/zimmer\/superior-zimmer\/","og_site_name":"Westpoint Hotel","article_modified_time":"2022-02-17T14:04:29+00:00","twitter_card":"summary_large_image","schema":{"@context":"https:\/\/schema.org","@graph":[{"@type":"WebPage","@id":"https:\/\/www.hotelwestpoint.it\/de\/zimmer\/superior-zimmer\/","url":"https:\/\/www.hotelwestpoint.it\/de\/zimmer\/superior-zimmer\/","name":"Superior Zimmer - Westpoint Hotel","isPartOf":{"@id":"https:\/\/www.hotelwestpoint.it\/de\/#website"},"datePublished":"2021-12-15T11:28:32+00:00","dateModified":"2022-02-17T14:04:29+00:00","description":"Komfortable Zimmer f\u00fcr Paare. Sie unterscheiden sich von unseren Standardzimmern f\u00fcr gr\u00f6\u00dfere R\u00e4ume. Lounge in einem separaten Bereich","breadcrumb":{"@id":"https:\/\/www.hotelwestpoint.it\/de\/zimmer\/superior-zimmer\/#breadcrumb"},"inLanguage":"de-DE","potentialAction":[{"@type":"ReadAction","target":["https:\/\/www.hotelwestpoint.it\/de\/zimmer\/superior-zimmer\/"]}]},{"@type":"BreadcrumbList","@id":"https:\/\/www.hotelwestpoint.it\/de\/zimmer\/superior-zimmer\/#breadcrumb","itemListElement":[{"@type":"ListItem","position":1,"name":"Home","item":"https:\/\/www.hotelwestpoint.it\/de\/"},{"@type":"ListItem","position":2,"name":"Zimmer","item":"https:\/\/www.hotelwestpoint.it\/de\/zimmer\/"},{"@type":"ListItem","position":3,"name":"Superior Zimmer"}]},{"@type":"WebSite","@id":"https:\/\/www.hotelwestpoint.it\/de\/#website","url":"https:\/\/www.hotelwestpoint.it\/de\/","name":"Westpoint Hotel","description":"Ecco un altro sito ms.decms.eu","potentialAction":[{"@type":"SearchAction","target":{"@type":"EntryPoint","urlTemplate":"https:\/\/www.hotelwestpoint.it\/de\/?s={search_term_string}"},"query-input":{"@type":"PropertyValueSpecification","valueRequired":true,"valueName":"search_term_string"}}],"inLanguage":"de-DE"}]}},"acf":[],"_links":{"self":[{"href":"https:\/\/www.hotelwestpoint.it\/de\/wp-json\/wp\/v2\/pages\/112","targetHints":{"allow":["GET"]}}],"collection":[{"href":"https:\/\/www.hotelwestpoint.it\/de\/wp-json\/wp\/v2\/pages"}],"about":[{"href":"https:\/\/www.hotelwestpoint.it\/de\/wp-json\/wp\/v2\/types\/page"}],"author":[{"embeddable":true,"href":"https:\/\/www.hotelwestpoint.it\/de\/wp-json\/wp\/v2\/users\/13"}],"replies":[{"embeddable":true,"href":"https:\/\/www.hotelwestpoint.it\/de\/wp-json\/wp\/v2\/comments?post=112"}],"version-history":[{"count":0,"href":"https:\/\/www.hotelwestpoint.it\/de\/wp-json\/wp\/v2\/pages\/112\/revisions"}],"up":[{"embeddable":true,"href":"https:\/\/www.hotelwestpoint.it\/de\/wp-json\/wp\/v2\/pages\/107"}],"wp:attachment":[{"href":"https:\/\/www.hotelwestpoint.it\/de\/wp-json\/wp\/v2\/media?parent=112"}],"curies":[{"name":"wp","href":"https:\/\/api.w.org\/{rel}","templated":true}]}}