{"id":116,"date":"2021-12-15T14:30:29","date_gmt":"2021-12-15T13:30:29","guid":{"rendered":"https:\/\/westpointhotel.ms.decms.eu\/?page_id=116"},"modified":"2026-01-28T16:07:05","modified_gmt":"2026-01-28T15:07:05","slug":"flughafentransfer","status":"publish","type":"page","link":"https:\/\/www.hotelwestpoint.it\/de\/services\/flughafentransfer\/","title":{"rendered":"Flughafentransfer"},"content":{"rendered":"<p>Um Ihnen einen komfortablen Aufenthalt zu bieten, bietet unser Hotel einen exklusiven Transferservice f\u00fcr seine G\u00e4ste. Eine elegante und sorgenfreie M\u00f6glichkeit, Ihre Fahrten in aller Ruhe zu organisieren.<\/p>\n<p>Der Service kann direkt an der Rezeption gebucht werden, wo Ihnen unser Personal gerne aufmerksam und professionell zur Seite steht. Wir weisen darauf hin, dass die Buchung mindestens 24 Stunden im Voraus erfolgen muss.<\/p>\n<p>Der Transferservice ist kostenpflichtig und unterliegt der Verf\u00fcgbarkeit.<\/p>\n<p>&nbsp;<\/p>\n<p><strong>Planen Sie Ihre Reise schnell und einfach, indem Sie eine E-Mail an info@hotelwestpoint.it schreiben.<\/strong><\/p>\n<p>&nbsp;<\/p>\n<p>&nbsp;<\/p>\n<p><img loading=\"lazy\" decoding=\"async\" class=\"alignnone wp-image-524\" src=\"https:\/\/www.hotelwestpoint.it\/wp-content\/uploads\/sites\/387\/2024\/07\/punto-di-incontro-nuovo-300x208.png\" alt=\"\" width=\"491\" height=\"340\" srcset=\"https:\/\/www.hotelwestpoint.it\/wp-content\/uploads\/sites\/387\/2024\/07\/punto-di-incontro-nuovo-300x208.png 300w, https:\/\/www.hotelwestpoint.it\/wp-content\/uploads\/sites\/387\/2024\/07\/punto-di-incontro-nuovo-1024x711.png 1024w, https:\/\/www.hotelwestpoint.it\/wp-content\/uploads\/sites\/387\/2024\/07\/punto-di-incontro-nuovo-768x534.png 768w, https:\/\/www.hotelwestpoint.it\/wp-content\/uploads\/sites\/387\/2024\/07\/punto-di-incontro-nuovo-400x278.png 400w, https:\/\/www.hotelwestpoint.it\/wp-content\/uploads\/sites\/387\/2024\/07\/punto-di-incontro-nuovo-280x195.png 280w, https:\/\/www.hotelwestpoint.it\/wp-content\/uploads\/sites\/387\/2024\/07\/punto-di-incontro-nuovo-600x417.png 600w, https:\/\/www.hotelwestpoint.it\/wp-content\/uploads\/sites\/387\/2024\/07\/punto-di-incontro-nuovo-1000x695.png 1000w, https:\/\/www.hotelwestpoint.it\/wp-content\/uploads\/sites\/387\/2024\/07\/punto-di-incontro-nuovo.png 1042w\" sizes=\"auto, (max-width: 491px) 100vw, 491px\" \/><\/p>\n<p><img loading=\"lazy\" decoding=\"async\" class=\" wp-image-535 alignnone\" src=\"https:\/\/www.hotelwestpoint.it\/wp-content\/uploads\/sites\/387\/2024\/10\/square_slider_cartello-300x269.jpeg\" alt=\"\" width=\"502\" height=\"450\" srcset=\"https:\/\/www.hotelwestpoint.it\/wp-content\/uploads\/sites\/387\/2024\/10\/square_slider_cartello-300x269.jpeg 300w, https:\/\/www.hotelwestpoint.it\/wp-content\/uploads\/sites\/387\/2024\/10\/square_slider_cartello-400x358.jpeg 400w, https:\/\/www.hotelwestpoint.it\/wp-content\/uploads\/sites\/387\/2024\/10\/square_slider_cartello-280x251.jpeg 280w, https:\/\/www.hotelwestpoint.it\/wp-content\/uploads\/sites\/387\/2024\/10\/square_slider_cartello-600x537.jpeg 600w, https:\/\/www.hotelwestpoint.it\/wp-content\/uploads\/sites\/387\/2024\/10\/square_slider_cartello.jpeg 659w\" sizes=\"auto, (max-width: 502px) 100vw, 502px\" \/><\/p>\n<p>Bitte kontaktieren Sie die Unterkunft, wenn Sie G\u00e4ste mit Behinderungen oder Gehbehinderungen haben.<\/p>\n<p><strong>Planen Sie Ihre Reise schnell und einfach, indem Sie an<a href=\"mailto:info@hotelwestpoint.it\"> info@hotelwestpoint.it<\/a> schreiben<\/strong><\/p>\n<p>&nbsp;<\/p>\n<p>&nbsp;<\/p>\n","protected":false},"excerpt":{"rendered":"<p>Um Ihnen einen komfortablen Aufenthalt zu bieten, bietet unser Hotel einen exklusiven Transferservice f\u00fcr seine G\u00e4ste. Eine elegante und sorgenfreie M\u00f6glichkeit, Ihre Fahrten in aller Ruhe zu organisieren. Der Service kann direkt an der Rezeption gebucht werden, wo Ihnen unser Personal gerne aufmerksam und professionell zur Seite steht. Wir weisen darauf hin, dass die Buchung [&hellip;]<\/p>\n","protected":false},"author":13,"featured_media":0,"parent":115,"menu_order":10,"comment_status":"closed","ping_status":"closed","template":"template-default-2.php","meta":{"footnotes":""},"class_list":["post-116","page","type-page","status-publish","hentry"],"yoast_head":"<!-- This site is optimized with the Yoast SEO plugin v26.9 - https:\/\/yoast.com\/product\/yoast-seo-wordpress\/ -->\n<title>Flughafentransfer - Westpoint Hotel<\/title>\n<meta name=\"description\" content=\"Um Ihnen einen komfortablen Aufenthalt zu bieten, bietet unser Hotel einen exklusiven Transferservice f\u00fcr seine G\u00e4ste. Eine elegante und sorgenfreie M\u00f6glichkeit, Ihre Fahrten in aller Ruhe zu organisieren.  Der Service kann direkt an der Rezeption gebucht werden, wo Ihnen unser Personal gerne aufmerksam und professionell zur Seite steht\" \/>\n<meta name=\"robots\" content=\"index, follow, max-snippet:-1, max-image-preview:large, max-video-preview:-1\" \/>\n<link rel=\"canonical\" href=\"https:\/\/www.hotelwestpoint.it\/de\/services\/flughafentransfer\/\" \/>\n<meta property=\"og:locale\" content=\"de_DE\" \/>\n<meta property=\"og:type\" content=\"article\" \/>\n<meta property=\"og:title\" content=\"Flughafentransfer - Westpoint Hotel\" \/>\n<meta property=\"og:description\" content=\"Um Ihnen einen komfortablen Aufenthalt zu bieten, bietet unser Hotel einen exklusiven Transferservice f\u00fcr seine G\u00e4ste. Eine elegante und sorgenfreie M\u00f6glichkeit, Ihre Fahrten in aller Ruhe zu organisieren.  Der Service kann direkt an der Rezeption gebucht werden, wo Ihnen unser Personal gerne aufmerksam und professionell zur Seite steht\" \/>\n<meta property=\"og:url\" content=\"https:\/\/www.hotelwestpoint.it\/de\/services\/flughafentransfer\/\" \/>\n<meta property=\"og:site_name\" content=\"Westpoint Hotel\" \/>\n<meta property=\"article:modified_time\" content=\"2026-01-28T15:07:05+00:00\" \/>\n<meta property=\"og:image\" content=\"https:\/\/www.hotelwestpoint.it\/wp-content\/uploads\/sites\/387\/2024\/07\/punto-di-incontro-nuovo-1024x711.png\" \/>\n\t<meta property=\"og:image:width\" content=\"1024\" \/>\n\t<meta property=\"og:image:height\" content=\"711\" \/>\n\t<meta property=\"og:image:type\" content=\"image\/png\" \/>\n<meta name=\"twitter:card\" content=\"summary_large_image\" \/>\n<meta name=\"twitter:label1\" content=\"Gesch\u00e4tzte Lesezeit\" \/>\n\t<meta name=\"twitter:data1\" content=\"1 Minute\" \/>\n<script type=\"application\/ld+json\" class=\"yoast-schema-graph\">{\"@context\":\"https:\/\/schema.org\",\"@graph\":[{\"@type\":\"WebPage\",\"@id\":\"https:\/\/www.hotelwestpoint.it\/de\/services\/flughafentransfer\/\",\"url\":\"https:\/\/www.hotelwestpoint.it\/de\/services\/flughafentransfer\/\",\"name\":\"Flughafentransfer - Westpoint Hotel\",\"isPartOf\":{\"@id\":\"https:\/\/www.hotelwestpoint.it\/de\/#website\"},\"primaryImageOfPage\":{\"@id\":\"https:\/\/www.hotelwestpoint.it\/de\/services\/flughafentransfer\/#primaryimage\"},\"image\":{\"@id\":\"https:\/\/www.hotelwestpoint.it\/de\/services\/flughafentransfer\/#primaryimage\"},\"thumbnailUrl\":\"https:\/\/www.hotelwestpoint.it\/wp-content\/uploads\/sites\/387\/2024\/07\/punto-di-incontro-nuovo-300x208.png\",\"datePublished\":\"2021-12-15T13:30:29+00:00\",\"dateModified\":\"2026-01-28T15:07:05+00:00\",\"description\":\"Um Ihnen einen komfortablen Aufenthalt zu bieten, bietet unser Hotel einen exklusiven Transferservice f\u00fcr seine G\u00e4ste. Eine elegante und sorgenfreie M\u00f6glichkeit, Ihre Fahrten in aller Ruhe zu organisieren. Der Service kann direkt an der Rezeption gebucht werden, wo Ihnen unser Personal gerne aufmerksam und professionell zur Seite steht\",\"breadcrumb\":{\"@id\":\"https:\/\/www.hotelwestpoint.it\/de\/services\/flughafentransfer\/#breadcrumb\"},\"inLanguage\":\"de-DE\",\"potentialAction\":[{\"@type\":\"ReadAction\",\"target\":[\"https:\/\/www.hotelwestpoint.it\/de\/services\/flughafentransfer\/\"]}]},{\"@type\":\"ImageObject\",\"inLanguage\":\"de-DE\",\"@id\":\"https:\/\/www.hotelwestpoint.it\/de\/services\/flughafentransfer\/#primaryimage\",\"url\":\"https:\/\/www.hotelwestpoint.it\/wp-content\/uploads\/sites\/387\/2024\/07\/punto-di-incontro-nuovo-300x208.png\",\"contentUrl\":\"https:\/\/www.hotelwestpoint.it\/wp-content\/uploads\/sites\/387\/2024\/07\/punto-di-incontro-nuovo-300x208.png\"},{\"@type\":\"BreadcrumbList\",\"@id\":\"https:\/\/www.hotelwestpoint.it\/de\/services\/flughafentransfer\/#breadcrumb\",\"itemListElement\":[{\"@type\":\"ListItem\",\"position\":1,\"name\":\"Home\",\"item\":\"https:\/\/www.hotelwestpoint.it\/de\/\"},{\"@type\":\"ListItem\",\"position\":2,\"name\":\"Services\",\"item\":\"https:\/\/www.hotelwestpoint.it\/de\/services\/\"},{\"@type\":\"ListItem\",\"position\":3,\"name\":\"Flughafentransfer\"}]},{\"@type\":\"WebSite\",\"@id\":\"https:\/\/www.hotelwestpoint.it\/de\/#website\",\"url\":\"https:\/\/www.hotelwestpoint.it\/de\/\",\"name\":\"Westpoint Hotel\",\"description\":\"Ecco un altro sito ms.decms.eu\",\"potentialAction\":[{\"@type\":\"SearchAction\",\"target\":{\"@type\":\"EntryPoint\",\"urlTemplate\":\"https:\/\/www.hotelwestpoint.it\/de\/?s={search_term_string}\"},\"query-input\":{\"@type\":\"PropertyValueSpecification\",\"valueRequired\":true,\"valueName\":\"search_term_string\"}}],\"inLanguage\":\"de-DE\"}]}<\/script>\n<!-- \/ Yoast SEO plugin. -->","yoast_head_json":{"title":"Flughafentransfer - Westpoint Hotel","description":"Um Ihnen einen komfortablen Aufenthalt zu bieten, bietet unser Hotel einen exklusiven Transferservice f\u00fcr seine G\u00e4ste. Eine elegante und sorgenfreie M\u00f6glichkeit, Ihre Fahrten in aller Ruhe zu organisieren.  Der Service kann direkt an der Rezeption gebucht werden, wo Ihnen unser Personal gerne aufmerksam und professionell zur Seite steht","robots":{"index":"index","follow":"follow","max-snippet":"max-snippet:-1","max-image-preview":"max-image-preview:large","max-video-preview":"max-video-preview:-1"},"canonical":"https:\/\/www.hotelwestpoint.it\/de\/services\/flughafentransfer\/","og_locale":"de_DE","og_type":"article","og_title":"Flughafentransfer - Westpoint Hotel","og_description":"Um Ihnen einen komfortablen Aufenthalt zu bieten, bietet unser Hotel einen exklusiven Transferservice f\u00fcr seine G\u00e4ste. Eine elegante und sorgenfreie M\u00f6glichkeit, Ihre Fahrten in aller Ruhe zu organisieren.  Der Service kann direkt an der Rezeption gebucht werden, wo Ihnen unser Personal gerne aufmerksam und professionell zur Seite steht","og_url":"https:\/\/www.hotelwestpoint.it\/de\/services\/flughafentransfer\/","og_site_name":"Westpoint Hotel","article_modified_time":"2026-01-28T15:07:05+00:00","og_image":[{"width":1024,"height":711,"url":"https:\/\/www.hotelwestpoint.it\/wp-content\/uploads\/sites\/387\/2024\/07\/punto-di-incontro-nuovo-1024x711.png","type":"image\/png"}],"twitter_card":"summary_large_image","twitter_misc":{"Gesch\u00e4tzte Lesezeit":"1 Minute"},"schema":{"@context":"https:\/\/schema.org","@graph":[{"@type":"WebPage","@id":"https:\/\/www.hotelwestpoint.it\/de\/services\/flughafentransfer\/","url":"https:\/\/www.hotelwestpoint.it\/de\/services\/flughafentransfer\/","name":"Flughafentransfer - Westpoint Hotel","isPartOf":{"@id":"https:\/\/www.hotelwestpoint.it\/de\/#website"},"primaryImageOfPage":{"@id":"https:\/\/www.hotelwestpoint.it\/de\/services\/flughafentransfer\/#primaryimage"},"image":{"@id":"https:\/\/www.hotelwestpoint.it\/de\/services\/flughafentransfer\/#primaryimage"},"thumbnailUrl":"https:\/\/www.hotelwestpoint.it\/wp-content\/uploads\/sites\/387\/2024\/07\/punto-di-incontro-nuovo-300x208.png","datePublished":"2021-12-15T13:30:29+00:00","dateModified":"2026-01-28T15:07:05+00:00","description":"Um Ihnen einen komfortablen Aufenthalt zu bieten, bietet unser Hotel einen exklusiven Transferservice f\u00fcr seine G\u00e4ste. Eine elegante und sorgenfreie M\u00f6glichkeit, Ihre Fahrten in aller Ruhe zu organisieren. Der Service kann direkt an der Rezeption gebucht werden, wo Ihnen unser Personal gerne aufmerksam und professionell zur Seite steht","breadcrumb":{"@id":"https:\/\/www.hotelwestpoint.it\/de\/services\/flughafentransfer\/#breadcrumb"},"inLanguage":"de-DE","potentialAction":[{"@type":"ReadAction","target":["https:\/\/www.hotelwestpoint.it\/de\/services\/flughafentransfer\/"]}]},{"@type":"ImageObject","inLanguage":"de-DE","@id":"https:\/\/www.hotelwestpoint.it\/de\/services\/flughafentransfer\/#primaryimage","url":"https:\/\/www.hotelwestpoint.it\/wp-content\/uploads\/sites\/387\/2024\/07\/punto-di-incontro-nuovo-300x208.png","contentUrl":"https:\/\/www.hotelwestpoint.it\/wp-content\/uploads\/sites\/387\/2024\/07\/punto-di-incontro-nuovo-300x208.png"},{"@type":"BreadcrumbList","@id":"https:\/\/www.hotelwestpoint.it\/de\/services\/flughafentransfer\/#breadcrumb","itemListElement":[{"@type":"ListItem","position":1,"name":"Home","item":"https:\/\/www.hotelwestpoint.it\/de\/"},{"@type":"ListItem","position":2,"name":"Services","item":"https:\/\/www.hotelwestpoint.it\/de\/services\/"},{"@type":"ListItem","position":3,"name":"Flughafentransfer"}]},{"@type":"WebSite","@id":"https:\/\/www.hotelwestpoint.it\/de\/#website","url":"https:\/\/www.hotelwestpoint.it\/de\/","name":"Westpoint Hotel","description":"Ecco un altro sito ms.decms.eu","potentialAction":[{"@type":"SearchAction","target":{"@type":"EntryPoint","urlTemplate":"https:\/\/www.hotelwestpoint.it\/de\/?s={search_term_string}"},"query-input":{"@type":"PropertyValueSpecification","valueRequired":true,"valueName":"search_term_string"}}],"inLanguage":"de-DE"}]}},"acf":[],"_links":{"self":[{"href":"https:\/\/www.hotelwestpoint.it\/de\/wp-json\/wp\/v2\/pages\/116","targetHints":{"allow":["GET"]}}],"collection":[{"href":"https:\/\/www.hotelwestpoint.it\/de\/wp-json\/wp\/v2\/pages"}],"about":[{"href":"https:\/\/www.hotelwestpoint.it\/de\/wp-json\/wp\/v2\/types\/page"}],"author":[{"embeddable":true,"href":"https:\/\/www.hotelwestpoint.it\/de\/wp-json\/wp\/v2\/users\/13"}],"replies":[{"embeddable":true,"href":"https:\/\/www.hotelwestpoint.it\/de\/wp-json\/wp\/v2\/comments?post=116"}],"version-history":[{"count":0,"href":"https:\/\/www.hotelwestpoint.it\/de\/wp-json\/wp\/v2\/pages\/116\/revisions"}],"up":[{"embeddable":true,"href":"https:\/\/www.hotelwestpoint.it\/de\/wp-json\/wp\/v2\/pages\/115"}],"wp:attachment":[{"href":"https:\/\/www.hotelwestpoint.it\/de\/wp-json\/wp\/v2\/media?parent=116"}],"curies":[{"name":"wp","href":"https:\/\/api.w.org\/{rel}","templated":true}]}}