{"id":117,"date":"2021-12-15T14:30:51","date_gmt":"2021-12-15T13:30:51","guid":{"rendered":"https:\/\/westpointhotel.ms.decms.eu\/?page_id=117"},"modified":"2023-05-04T10:20:47","modified_gmt":"2023-05-04T08:20:47","slug":"fruehstueck","status":"publish","type":"page","link":"https:\/\/www.hotelwestpoint.it\/de\/services\/fruehstueck\/","title":{"rendered":"Fr\u00fchst\u00fcck"},"content":{"rendered":"<p><strong>Von 7.00 bis 10.00 Uhr<\/strong> wird das Fr\u00fchst\u00fccksbuffet im gro\u00dfen Restaurantraum neben der Lobbybar serviert.<\/p>\n<p><strong>Hausgemachte Kuchen, Brioches, Joghurt und Marmeladen, Obst der Saison, K\u00e4se und Aufschnitt, R\u00fchrei und Speck<\/strong> stehen Ihnen f\u00fcr ein s\u00fc\u00dfes und herzhaftes Fr\u00fchst\u00fcck zur Verf\u00fcgung.<\/p>\n<p>Au\u00dferdem gibt es <strong>eine Auswahl an \u201eleichten\u201c zuckerfreien, biologischen und glutenfreien Produkten.<\/strong> Und wenn Sie besondere Bed\u00fcrfnisse haben, teilen Sie uns dies einfach vor Ihrer Ankunft mit.<\/p>\n","protected":false},"excerpt":{"rendered":"<p>Von 7.00 bis 10.00 Uhr wird das Fr\u00fchst\u00fccksbuffet im gro\u00dfen Restaurantraum neben der Lobbybar serviert. Hausgemachte Kuchen, Brioches, Joghurt und Marmeladen, Obst der Saison, K\u00e4se und Aufschnitt, R\u00fchrei und Speck stehen Ihnen f\u00fcr ein s\u00fc\u00dfes und herzhaftes Fr\u00fchst\u00fcck zur Verf\u00fcgung. Au\u00dferdem gibt es eine Auswahl an \u201eleichten\u201c zuckerfreien, biologischen und glutenfreien Produkten. Und wenn Sie [&hellip;]<\/p>\n","protected":false},"author":13,"featured_media":0,"parent":115,"menu_order":20,"comment_status":"closed","ping_status":"closed","template":"template-default-2.php","meta":{"footnotes":""},"class_list":["post-117","page","type-page","status-publish","hentry"],"yoast_head":"<!-- This site is optimized with the Yoast SEO plugin v26.9 - https:\/\/yoast.com\/product\/yoast-seo-wordpress\/ -->\n<title>Fr\u00fchst\u00fcck - Westpoint Hotel<\/title>\n<meta name=\"description\" content=\"Von 7.00 bis 10.00 Uhr wird das Fr\u00fchst\u00fccksbuffet im gro\u00dfen Restaurantraum neben der Lobbybar serviert.  Hausgemachte Kuchen, Brioches, Joghurt und Marmeladen, Obst der Saison, K\u00e4se und Aufschnitt, R\u00fchrei und Speck stehen Ihnen f\u00fcr ein s\u00fc\u00dfes und herzhaftes Fr\u00fchst\u00fcck zur Verf\u00fcgung.  Au\u00dferdem gibt es eine Auswahl an \u201eleichten\u201c zuckerfreien, biologischen und glutenfreien Produkten. Und wenn Sie besondere Bed\u00fcrfnisse haben, teilen Sie uns dies einfach vor Ihrer Ankunft mit..\" \/>\n<meta name=\"robots\" content=\"index, follow, max-snippet:-1, max-image-preview:large, max-video-preview:-1\" \/>\n<link rel=\"canonical\" href=\"https:\/\/www.hotelwestpoint.it\/de\/services\/fruehstueck\/\" \/>\n<meta property=\"og:locale\" content=\"de_DE\" \/>\n<meta property=\"og:type\" content=\"article\" \/>\n<meta property=\"og:title\" content=\"Fr\u00fchst\u00fcck - Westpoint Hotel\" \/>\n<meta property=\"og:description\" content=\"Von 7.00 bis 10.00 Uhr wird das Fr\u00fchst\u00fccksbuffet im gro\u00dfen Restaurantraum neben der Lobbybar serviert.  Hausgemachte Kuchen, Brioches, Joghurt und Marmeladen, Obst der Saison, K\u00e4se und Aufschnitt, R\u00fchrei und Speck stehen Ihnen f\u00fcr ein s\u00fc\u00dfes und herzhaftes Fr\u00fchst\u00fcck zur Verf\u00fcgung.  Au\u00dferdem gibt es eine Auswahl an \u201eleichten\u201c zuckerfreien, biologischen und glutenfreien Produkten. Und wenn Sie besondere Bed\u00fcrfnisse haben, teilen Sie uns dies einfach vor Ihrer Ankunft mit..\" \/>\n<meta property=\"og:url\" content=\"https:\/\/www.hotelwestpoint.it\/de\/services\/fruehstueck\/\" \/>\n<meta property=\"og:site_name\" content=\"Westpoint Hotel\" \/>\n<meta property=\"article:modified_time\" content=\"2023-05-04T08:20:47+00:00\" \/>\n<meta name=\"twitter:card\" content=\"summary_large_image\" \/>\n<meta name=\"twitter:label1\" content=\"Gesch\u00e4tzte Lesezeit\" \/>\n\t<meta name=\"twitter:data1\" content=\"1 Minute\" \/>\n<script type=\"application\/ld+json\" class=\"yoast-schema-graph\">{\"@context\":\"https:\/\/schema.org\",\"@graph\":[{\"@type\":\"WebPage\",\"@id\":\"https:\/\/www.hotelwestpoint.it\/de\/services\/fruehstueck\/\",\"url\":\"https:\/\/www.hotelwestpoint.it\/de\/services\/fruehstueck\/\",\"name\":\"Fr\u00fchst\u00fcck - Westpoint Hotel\",\"isPartOf\":{\"@id\":\"https:\/\/www.hotelwestpoint.it\/de\/#website\"},\"datePublished\":\"2021-12-15T13:30:51+00:00\",\"dateModified\":\"2023-05-04T08:20:47+00:00\",\"description\":\"Von 7.00 bis 10.00 Uhr wird das Fr\u00fchst\u00fccksbuffet im gro\u00dfen Restaurantraum neben der Lobbybar serviert. Hausgemachte Kuchen, Brioches, Joghurt und Marmeladen, Obst der Saison, K\u00e4se und Aufschnitt, R\u00fchrei und Speck stehen Ihnen f\u00fcr ein s\u00fc\u00dfes und herzhaftes Fr\u00fchst\u00fcck zur Verf\u00fcgung. Au\u00dferdem gibt es eine Auswahl an \u201eleichten\u201c zuckerfreien, biologischen und glutenfreien Produkten. Und wenn Sie besondere Bed\u00fcrfnisse haben, teilen Sie uns dies einfach vor Ihrer Ankunft mit..\",\"breadcrumb\":{\"@id\":\"https:\/\/www.hotelwestpoint.it\/de\/services\/fruehstueck\/#breadcrumb\"},\"inLanguage\":\"de-DE\",\"potentialAction\":[{\"@type\":\"ReadAction\",\"target\":[\"https:\/\/www.hotelwestpoint.it\/de\/services\/fruehstueck\/\"]}]},{\"@type\":\"BreadcrumbList\",\"@id\":\"https:\/\/www.hotelwestpoint.it\/de\/services\/fruehstueck\/#breadcrumb\",\"itemListElement\":[{\"@type\":\"ListItem\",\"position\":1,\"name\":\"Home\",\"item\":\"https:\/\/www.hotelwestpoint.it\/de\/\"},{\"@type\":\"ListItem\",\"position\":2,\"name\":\"Services\",\"item\":\"https:\/\/www.hotelwestpoint.it\/de\/services\/\"},{\"@type\":\"ListItem\",\"position\":3,\"name\":\"Fr\u00fchst\u00fcck\"}]},{\"@type\":\"WebSite\",\"@id\":\"https:\/\/www.hotelwestpoint.it\/de\/#website\",\"url\":\"https:\/\/www.hotelwestpoint.it\/de\/\",\"name\":\"Westpoint Hotel\",\"description\":\"Ecco un altro sito ms.decms.eu\",\"potentialAction\":[{\"@type\":\"SearchAction\",\"target\":{\"@type\":\"EntryPoint\",\"urlTemplate\":\"https:\/\/www.hotelwestpoint.it\/de\/?s={search_term_string}\"},\"query-input\":{\"@type\":\"PropertyValueSpecification\",\"valueRequired\":true,\"valueName\":\"search_term_string\"}}],\"inLanguage\":\"de-DE\"}]}<\/script>\n<!-- \/ Yoast SEO plugin. -->","yoast_head_json":{"title":"Fr\u00fchst\u00fcck - Westpoint Hotel","description":"Von 7.00 bis 10.00 Uhr wird das Fr\u00fchst\u00fccksbuffet im gro\u00dfen Restaurantraum neben der Lobbybar serviert.  Hausgemachte Kuchen, Brioches, Joghurt und Marmeladen, Obst der Saison, K\u00e4se und Aufschnitt, R\u00fchrei und Speck stehen Ihnen f\u00fcr ein s\u00fc\u00dfes und herzhaftes Fr\u00fchst\u00fcck zur Verf\u00fcgung.  Au\u00dferdem gibt es eine Auswahl an \u201eleichten\u201c zuckerfreien, biologischen und glutenfreien Produkten. Und wenn Sie besondere Bed\u00fcrfnisse haben, teilen Sie uns dies einfach vor Ihrer Ankunft mit..","robots":{"index":"index","follow":"follow","max-snippet":"max-snippet:-1","max-image-preview":"max-image-preview:large","max-video-preview":"max-video-preview:-1"},"canonical":"https:\/\/www.hotelwestpoint.it\/de\/services\/fruehstueck\/","og_locale":"de_DE","og_type":"article","og_title":"Fr\u00fchst\u00fcck - Westpoint Hotel","og_description":"Von 7.00 bis 10.00 Uhr wird das Fr\u00fchst\u00fccksbuffet im gro\u00dfen Restaurantraum neben der Lobbybar serviert.  Hausgemachte Kuchen, Brioches, Joghurt und Marmeladen, Obst der Saison, K\u00e4se und Aufschnitt, R\u00fchrei und Speck stehen Ihnen f\u00fcr ein s\u00fc\u00dfes und herzhaftes Fr\u00fchst\u00fcck zur Verf\u00fcgung.  Au\u00dferdem gibt es eine Auswahl an \u201eleichten\u201c zuckerfreien, biologischen und glutenfreien Produkten. Und wenn Sie besondere Bed\u00fcrfnisse haben, teilen Sie uns dies einfach vor Ihrer Ankunft mit..","og_url":"https:\/\/www.hotelwestpoint.it\/de\/services\/fruehstueck\/","og_site_name":"Westpoint Hotel","article_modified_time":"2023-05-04T08:20:47+00:00","twitter_card":"summary_large_image","twitter_misc":{"Gesch\u00e4tzte Lesezeit":"1 Minute"},"schema":{"@context":"https:\/\/schema.org","@graph":[{"@type":"WebPage","@id":"https:\/\/www.hotelwestpoint.it\/de\/services\/fruehstueck\/","url":"https:\/\/www.hotelwestpoint.it\/de\/services\/fruehstueck\/","name":"Fr\u00fchst\u00fcck - Westpoint Hotel","isPartOf":{"@id":"https:\/\/www.hotelwestpoint.it\/de\/#website"},"datePublished":"2021-12-15T13:30:51+00:00","dateModified":"2023-05-04T08:20:47+00:00","description":"Von 7.00 bis 10.00 Uhr wird das Fr\u00fchst\u00fccksbuffet im gro\u00dfen Restaurantraum neben der Lobbybar serviert. Hausgemachte Kuchen, Brioches, Joghurt und Marmeladen, Obst der Saison, K\u00e4se und Aufschnitt, R\u00fchrei und Speck stehen Ihnen f\u00fcr ein s\u00fc\u00dfes und herzhaftes Fr\u00fchst\u00fcck zur Verf\u00fcgung. Au\u00dferdem gibt es eine Auswahl an \u201eleichten\u201c zuckerfreien, biologischen und glutenfreien Produkten. Und wenn Sie besondere Bed\u00fcrfnisse haben, teilen Sie uns dies einfach vor Ihrer Ankunft mit..","breadcrumb":{"@id":"https:\/\/www.hotelwestpoint.it\/de\/services\/fruehstueck\/#breadcrumb"},"inLanguage":"de-DE","potentialAction":[{"@type":"ReadAction","target":["https:\/\/www.hotelwestpoint.it\/de\/services\/fruehstueck\/"]}]},{"@type":"BreadcrumbList","@id":"https:\/\/www.hotelwestpoint.it\/de\/services\/fruehstueck\/#breadcrumb","itemListElement":[{"@type":"ListItem","position":1,"name":"Home","item":"https:\/\/www.hotelwestpoint.it\/de\/"},{"@type":"ListItem","position":2,"name":"Services","item":"https:\/\/www.hotelwestpoint.it\/de\/services\/"},{"@type":"ListItem","position":3,"name":"Fr\u00fchst\u00fcck"}]},{"@type":"WebSite","@id":"https:\/\/www.hotelwestpoint.it\/de\/#website","url":"https:\/\/www.hotelwestpoint.it\/de\/","name":"Westpoint Hotel","description":"Ecco un altro sito ms.decms.eu","potentialAction":[{"@type":"SearchAction","target":{"@type":"EntryPoint","urlTemplate":"https:\/\/www.hotelwestpoint.it\/de\/?s={search_term_string}"},"query-input":{"@type":"PropertyValueSpecification","valueRequired":true,"valueName":"search_term_string"}}],"inLanguage":"de-DE"}]}},"acf":[],"_links":{"self":[{"href":"https:\/\/www.hotelwestpoint.it\/de\/wp-json\/wp\/v2\/pages\/117","targetHints":{"allow":["GET"]}}],"collection":[{"href":"https:\/\/www.hotelwestpoint.it\/de\/wp-json\/wp\/v2\/pages"}],"about":[{"href":"https:\/\/www.hotelwestpoint.it\/de\/wp-json\/wp\/v2\/types\/page"}],"author":[{"embeddable":true,"href":"https:\/\/www.hotelwestpoint.it\/de\/wp-json\/wp\/v2\/users\/13"}],"replies":[{"embeddable":true,"href":"https:\/\/www.hotelwestpoint.it\/de\/wp-json\/wp\/v2\/comments?post=117"}],"version-history":[{"count":0,"href":"https:\/\/www.hotelwestpoint.it\/de\/wp-json\/wp\/v2\/pages\/117\/revisions"}],"up":[{"embeddable":true,"href":"https:\/\/www.hotelwestpoint.it\/de\/wp-json\/wp\/v2\/pages\/115"}],"wp:attachment":[{"href":"https:\/\/www.hotelwestpoint.it\/de\/wp-json\/wp\/v2\/media?parent=117"}],"curies":[{"name":"wp","href":"https:\/\/api.w.org\/{rel}","templated":true}]}}