{"id":118,"date":"2021-12-15T14:31:09","date_gmt":"2021-12-15T13:31:09","guid":{"rendered":"https:\/\/westpointhotel.ms.decms.eu\/?page_id=118"},"modified":"2022-04-07T11:04:24","modified_gmt":"2022-04-07T09:04:24","slug":"restaurant-fuer-gruppen","status":"publish","type":"page","link":"https:\/\/www.hotelwestpoint.it\/de\/services\/restaurant-fuer-gruppen\/","title":{"rendered":"Restaurant F\u00fcr Gruppen"},"content":{"rendered":"<p>Das Restaurant des West Point Airport Hotel verf\u00fcgt \u00fcber einen gro\u00dfen hellen Raum bis zu 90 Personen und einen angrenzenden Raum. Der Service wird auf Reservierung f\u00fcr Veranstaltungen, Mittag- und Abendessen sowie Erfrischungen f\u00fcr Gesch\u00e4ftskunden und Touristengruppen aktiviert.<\/p>\n<p>F\u00fcr Individualkunden empfehlen wir einige angeschlossene Restaurants und Pizzerien in der Umgebung, die teilweise auch zu Fu\u00df erreichbar sind.<\/p>\n","protected":false},"excerpt":{"rendered":"<p>Das Restaurant des West Point Airport Hotel verf\u00fcgt \u00fcber einen gro\u00dfen hellen Raum bis zu 90 Personen und einen angrenzenden Raum. Der Service wird auf Reservierung f\u00fcr Veranstaltungen, Mittag- und Abendessen sowie Erfrischungen f\u00fcr Gesch\u00e4ftskunden und Touristengruppen aktiviert. F\u00fcr Individualkunden empfehlen wir einige angeschlossene Restaurants und Pizzerien in der Umgebung, die teilweise auch zu Fu\u00df [&hellip;]<\/p>\n","protected":false},"author":13,"featured_media":0,"parent":115,"menu_order":30,"comment_status":"closed","ping_status":"closed","template":"template-default-2.php","meta":{"footnotes":""},"class_list":["post-118","page","type-page","status-publish","hentry"],"yoast_head":"<!-- This site is optimized with the Yoast SEO plugin v26.9 - https:\/\/yoast.com\/product\/yoast-seo-wordpress\/ -->\n<title>Restaurant F\u00fcr Gruppen - Westpoint Hotel<\/title>\n<meta name=\"description\" content=\"Das Restaurant des West Point Airport Hotel verf\u00fcgt \u00fcber einen gro\u00dfen hellen Raum bis zu 90 Personen und einen angrenzenden Raum. Der Service wird auf Reservierung f\u00fcr Veranstaltungen, Mittag- und Abendessen sowie Erfrischungen f\u00fcr Gesch\u00e4ftskunden und Touristengruppen aktiviert.  F\u00fcr Individualkunden empfehlen wir einige angeschlossene Restaurants und Pizzerien in der Umgebung, die teilweise auch zu Fu\u00df erreichbar sind.\" \/>\n<meta name=\"robots\" content=\"index, follow, max-snippet:-1, max-image-preview:large, max-video-preview:-1\" \/>\n<link rel=\"canonical\" href=\"https:\/\/www.hotelwestpoint.it\/de\/services\/restaurant-fuer-gruppen\/\" \/>\n<meta property=\"og:locale\" content=\"de_DE\" \/>\n<meta property=\"og:type\" content=\"article\" \/>\n<meta property=\"og:title\" content=\"Restaurant F\u00fcr Gruppen - Westpoint Hotel\" \/>\n<meta property=\"og:description\" content=\"Das Restaurant des West Point Airport Hotel verf\u00fcgt \u00fcber einen gro\u00dfen hellen Raum bis zu 90 Personen und einen angrenzenden Raum. Der Service wird auf Reservierung f\u00fcr Veranstaltungen, Mittag- und Abendessen sowie Erfrischungen f\u00fcr Gesch\u00e4ftskunden und Touristengruppen aktiviert.  F\u00fcr Individualkunden empfehlen wir einige angeschlossene Restaurants und Pizzerien in der Umgebung, die teilweise auch zu Fu\u00df erreichbar sind.\" \/>\n<meta property=\"og:url\" content=\"https:\/\/www.hotelwestpoint.it\/de\/services\/restaurant-fuer-gruppen\/\" \/>\n<meta property=\"og:site_name\" content=\"Westpoint Hotel\" \/>\n<meta property=\"article:modified_time\" content=\"2022-04-07T09:04:24+00:00\" \/>\n<meta name=\"twitter:card\" content=\"summary_large_image\" \/>\n<script type=\"application\/ld+json\" class=\"yoast-schema-graph\">{\"@context\":\"https:\/\/schema.org\",\"@graph\":[{\"@type\":\"WebPage\",\"@id\":\"https:\/\/www.hotelwestpoint.it\/de\/services\/restaurant-fuer-gruppen\/\",\"url\":\"https:\/\/www.hotelwestpoint.it\/de\/services\/restaurant-fuer-gruppen\/\",\"name\":\"Restaurant F\u00fcr Gruppen - Westpoint Hotel\",\"isPartOf\":{\"@id\":\"https:\/\/www.hotelwestpoint.it\/de\/#website\"},\"datePublished\":\"2021-12-15T13:31:09+00:00\",\"dateModified\":\"2022-04-07T09:04:24+00:00\",\"description\":\"Das Restaurant des West Point Airport Hotel verf\u00fcgt \u00fcber einen gro\u00dfen hellen Raum bis zu 90 Personen und einen angrenzenden Raum. Der Service wird auf Reservierung f\u00fcr Veranstaltungen, Mittag- und Abendessen sowie Erfrischungen f\u00fcr Gesch\u00e4ftskunden und Touristengruppen aktiviert. F\u00fcr Individualkunden empfehlen wir einige angeschlossene Restaurants und Pizzerien in der Umgebung, die teilweise auch zu Fu\u00df erreichbar sind.\",\"breadcrumb\":{\"@id\":\"https:\/\/www.hotelwestpoint.it\/de\/services\/restaurant-fuer-gruppen\/#breadcrumb\"},\"inLanguage\":\"de-DE\",\"potentialAction\":[{\"@type\":\"ReadAction\",\"target\":[\"https:\/\/www.hotelwestpoint.it\/de\/services\/restaurant-fuer-gruppen\/\"]}]},{\"@type\":\"BreadcrumbList\",\"@id\":\"https:\/\/www.hotelwestpoint.it\/de\/services\/restaurant-fuer-gruppen\/#breadcrumb\",\"itemListElement\":[{\"@type\":\"ListItem\",\"position\":1,\"name\":\"Home\",\"item\":\"https:\/\/www.hotelwestpoint.it\/de\/\"},{\"@type\":\"ListItem\",\"position\":2,\"name\":\"Services\",\"item\":\"https:\/\/www.hotelwestpoint.it\/de\/services\/\"},{\"@type\":\"ListItem\",\"position\":3,\"name\":\"Restaurant F\u00fcr Gruppen\"}]},{\"@type\":\"WebSite\",\"@id\":\"https:\/\/www.hotelwestpoint.it\/de\/#website\",\"url\":\"https:\/\/www.hotelwestpoint.it\/de\/\",\"name\":\"Westpoint Hotel\",\"description\":\"Ecco un altro sito ms.decms.eu\",\"potentialAction\":[{\"@type\":\"SearchAction\",\"target\":{\"@type\":\"EntryPoint\",\"urlTemplate\":\"https:\/\/www.hotelwestpoint.it\/de\/?s={search_term_string}\"},\"query-input\":{\"@type\":\"PropertyValueSpecification\",\"valueRequired\":true,\"valueName\":\"search_term_string\"}}],\"inLanguage\":\"de-DE\"}]}<\/script>\n<!-- \/ Yoast SEO plugin. -->","yoast_head_json":{"title":"Restaurant F\u00fcr Gruppen - Westpoint Hotel","description":"Das Restaurant des West Point Airport Hotel verf\u00fcgt \u00fcber einen gro\u00dfen hellen Raum bis zu 90 Personen und einen angrenzenden Raum. Der Service wird auf Reservierung f\u00fcr Veranstaltungen, Mittag- und Abendessen sowie Erfrischungen f\u00fcr Gesch\u00e4ftskunden und Touristengruppen aktiviert.  F\u00fcr Individualkunden empfehlen wir einige angeschlossene Restaurants und Pizzerien in der Umgebung, die teilweise auch zu Fu\u00df erreichbar sind.","robots":{"index":"index","follow":"follow","max-snippet":"max-snippet:-1","max-image-preview":"max-image-preview:large","max-video-preview":"max-video-preview:-1"},"canonical":"https:\/\/www.hotelwestpoint.it\/de\/services\/restaurant-fuer-gruppen\/","og_locale":"de_DE","og_type":"article","og_title":"Restaurant F\u00fcr Gruppen - Westpoint Hotel","og_description":"Das Restaurant des West Point Airport Hotel verf\u00fcgt \u00fcber einen gro\u00dfen hellen Raum bis zu 90 Personen und einen angrenzenden Raum. Der Service wird auf Reservierung f\u00fcr Veranstaltungen, Mittag- und Abendessen sowie Erfrischungen f\u00fcr Gesch\u00e4ftskunden und Touristengruppen aktiviert.  F\u00fcr Individualkunden empfehlen wir einige angeschlossene Restaurants und Pizzerien in der Umgebung, die teilweise auch zu Fu\u00df erreichbar sind.","og_url":"https:\/\/www.hotelwestpoint.it\/de\/services\/restaurant-fuer-gruppen\/","og_site_name":"Westpoint Hotel","article_modified_time":"2022-04-07T09:04:24+00:00","twitter_card":"summary_large_image","schema":{"@context":"https:\/\/schema.org","@graph":[{"@type":"WebPage","@id":"https:\/\/www.hotelwestpoint.it\/de\/services\/restaurant-fuer-gruppen\/","url":"https:\/\/www.hotelwestpoint.it\/de\/services\/restaurant-fuer-gruppen\/","name":"Restaurant F\u00fcr Gruppen - Westpoint Hotel","isPartOf":{"@id":"https:\/\/www.hotelwestpoint.it\/de\/#website"},"datePublished":"2021-12-15T13:31:09+00:00","dateModified":"2022-04-07T09:04:24+00:00","description":"Das Restaurant des West Point Airport Hotel verf\u00fcgt \u00fcber einen gro\u00dfen hellen Raum bis zu 90 Personen und einen angrenzenden Raum. Der Service wird auf Reservierung f\u00fcr Veranstaltungen, Mittag- und Abendessen sowie Erfrischungen f\u00fcr Gesch\u00e4ftskunden und Touristengruppen aktiviert. F\u00fcr Individualkunden empfehlen wir einige angeschlossene Restaurants und Pizzerien in der Umgebung, die teilweise auch zu Fu\u00df erreichbar sind.","breadcrumb":{"@id":"https:\/\/www.hotelwestpoint.it\/de\/services\/restaurant-fuer-gruppen\/#breadcrumb"},"inLanguage":"de-DE","potentialAction":[{"@type":"ReadAction","target":["https:\/\/www.hotelwestpoint.it\/de\/services\/restaurant-fuer-gruppen\/"]}]},{"@type":"BreadcrumbList","@id":"https:\/\/www.hotelwestpoint.it\/de\/services\/restaurant-fuer-gruppen\/#breadcrumb","itemListElement":[{"@type":"ListItem","position":1,"name":"Home","item":"https:\/\/www.hotelwestpoint.it\/de\/"},{"@type":"ListItem","position":2,"name":"Services","item":"https:\/\/www.hotelwestpoint.it\/de\/services\/"},{"@type":"ListItem","position":3,"name":"Restaurant F\u00fcr Gruppen"}]},{"@type":"WebSite","@id":"https:\/\/www.hotelwestpoint.it\/de\/#website","url":"https:\/\/www.hotelwestpoint.it\/de\/","name":"Westpoint Hotel","description":"Ecco un altro sito ms.decms.eu","potentialAction":[{"@type":"SearchAction","target":{"@type":"EntryPoint","urlTemplate":"https:\/\/www.hotelwestpoint.it\/de\/?s={search_term_string}"},"query-input":{"@type":"PropertyValueSpecification","valueRequired":true,"valueName":"search_term_string"}}],"inLanguage":"de-DE"}]}},"acf":[],"_links":{"self":[{"href":"https:\/\/www.hotelwestpoint.it\/de\/wp-json\/wp\/v2\/pages\/118","targetHints":{"allow":["GET"]}}],"collection":[{"href":"https:\/\/www.hotelwestpoint.it\/de\/wp-json\/wp\/v2\/pages"}],"about":[{"href":"https:\/\/www.hotelwestpoint.it\/de\/wp-json\/wp\/v2\/types\/page"}],"author":[{"embeddable":true,"href":"https:\/\/www.hotelwestpoint.it\/de\/wp-json\/wp\/v2\/users\/13"}],"replies":[{"embeddable":true,"href":"https:\/\/www.hotelwestpoint.it\/de\/wp-json\/wp\/v2\/comments?post=118"}],"version-history":[{"count":0,"href":"https:\/\/www.hotelwestpoint.it\/de\/wp-json\/wp\/v2\/pages\/118\/revisions"}],"up":[{"embeddable":true,"href":"https:\/\/www.hotelwestpoint.it\/de\/wp-json\/wp\/v2\/pages\/115"}],"wp:attachment":[{"href":"https:\/\/www.hotelwestpoint.it\/de\/wp-json\/wp\/v2\/media?parent=118"}],"curies":[{"name":"wp","href":"https:\/\/api.w.org\/{rel}","templated":true}]}}