{"id":121,"date":"2021-12-15T14:33:01","date_gmt":"2021-12-15T13:33:01","guid":{"rendered":"https:\/\/westpointhotel.ms.decms.eu\/?page_id=121"},"modified":"2021-12-15T15:24:35","modified_gmt":"2021-12-15T14:24:35","slug":"wo-wir-sind","status":"publish","type":"page","link":"https:\/\/www.hotelwestpoint.it\/de\/wo-wir-sind\/","title":{"rendered":"Wo wir sind"},"content":{"rendered":"<p>Das\u00a0West Point Airport Hotel\u00a0liegt\u00a0in der N\u00e4he des Flughafens Catullo Verona-Villafranca\u00a0und nur wenige Minuten von der Autobahn Verona Nord und der Ringstra\u00dfe.<br \/>\nEs befindet sich im Herzen der L\u00e4nder der Custoza, von der Riviera del Garda, die Mor\u00e4nenh\u00fcgel und den Mincio-Tal umgeben.<\/p>\n<p>Entfernug:<\/p>\n<ul>\n<li>Flughafen Verona-Villafranca: 1500 mt<\/li>\n<li>Autobahn A22 BRENNERO-MODENA Ausfahrt Verona Nord: 5 km<\/li>\n<li>Verona Porta Nuova Bahnhof: 9 km (mit dem Bus erreichbar)<\/li>\n<li>Verona Messe: 8 km<\/li>\n<li>Verona Zentrum: 9 km (mit dem Bus erreichbar)<\/li>\n<\/ul>\n","protected":false},"excerpt":{"rendered":"<p>Das\u00a0West Point Airport Hotel\u00a0liegt\u00a0in der N\u00e4he des Flughafens Catullo Verona-Villafranca\u00a0und nur wenige Minuten von der Autobahn Verona Nord und der Ringstra\u00dfe. Es befindet sich im Herzen der L\u00e4nder der Custoza, von der Riviera del Garda, die Mor\u00e4nenh\u00fcgel und den Mincio-Tal umgeben. Entfernug: Flughafen Verona-Villafranca: 1500 mt Autobahn A22 BRENNERO-MODENA Ausfahrt Verona Nord: 5 km Verona [&hellip;]<\/p>\n","protected":false},"author":13,"featured_media":0,"parent":0,"menu_order":70,"comment_status":"closed","ping_status":"closed","template":"template-location.php","meta":{"footnotes":""},"class_list":["post-121","page","type-page","status-publish","hentry"],"yoast_head":"<!-- This site is optimized with the Yoast SEO plugin v26.9 - https:\/\/yoast.com\/product\/yoast-seo-wordpress\/ -->\n<title>Wo wir sind - Westpoint Hotel<\/title>\n<meta name=\"description\" content=\"Das\u00a0West Point Airport Hotel\u00a0liegt\u00a0in der N\u00e4he des Flughafens Catullo Verona-Villafranca\u00a0und nur wenige Minuten von der Autobahn Verona Nord und der Ringstra\u00dfe. Es befindet sich im Herzen der L\u00e4nder der Custoza, von der Riviera del Garda, die Mor\u00e4nenh\u00fcgel und den Mincio-Tal umgeben.  Entfernug:   Flughafen Verona-Villafranca: 1500 mt  Autobahn A22 BRENNERO-MODENA Ausfahrt Verona Nord: 5 km  Verona Porta Nuova Bahnhof: 9 km (mit dem Bus erreichbar)  Verona Messe: 8 km  Verona Zentrum: 9 km (mit dem Bus erreichbar) .\" \/>\n<meta name=\"robots\" content=\"index, follow, max-snippet:-1, max-image-preview:large, max-video-preview:-1\" \/>\n<link rel=\"canonical\" href=\"https:\/\/www.hotelwestpoint.it\/de\/wo-wir-sind\/\" \/>\n<meta property=\"og:locale\" content=\"de_DE\" \/>\n<meta property=\"og:type\" content=\"article\" \/>\n<meta property=\"og:title\" content=\"Wo wir sind - Westpoint Hotel\" \/>\n<meta property=\"og:description\" content=\"Das\u00a0West Point Airport Hotel\u00a0liegt\u00a0in der N\u00e4he des Flughafens Catullo Verona-Villafranca\u00a0und nur wenige Minuten von der Autobahn Verona Nord und der Ringstra\u00dfe. Es befindet sich im Herzen der L\u00e4nder der Custoza, von der Riviera del Garda, die Mor\u00e4nenh\u00fcgel und den Mincio-Tal umgeben.  Entfernug:   Flughafen Verona-Villafranca: 1500 mt  Autobahn A22 BRENNERO-MODENA Ausfahrt Verona Nord: 5 km  Verona Porta Nuova Bahnhof: 9 km (mit dem Bus erreichbar)  Verona Messe: 8 km  Verona Zentrum: 9 km (mit dem Bus erreichbar) .\" \/>\n<meta property=\"og:url\" content=\"https:\/\/www.hotelwestpoint.it\/de\/wo-wir-sind\/\" \/>\n<meta property=\"og:site_name\" content=\"Westpoint Hotel\" \/>\n<meta property=\"article:modified_time\" content=\"2021-12-15T14:24:35+00:00\" \/>\n<meta name=\"twitter:card\" content=\"summary_large_image\" \/>\n<script type=\"application\/ld+json\" class=\"yoast-schema-graph\">{\"@context\":\"https:\/\/schema.org\",\"@graph\":[{\"@type\":\"WebPage\",\"@id\":\"https:\/\/www.hotelwestpoint.it\/de\/wo-wir-sind\/\",\"url\":\"https:\/\/www.hotelwestpoint.it\/de\/wo-wir-sind\/\",\"name\":\"Wo wir sind - Westpoint Hotel\",\"isPartOf\":{\"@id\":\"https:\/\/www.hotelwestpoint.it\/de\/#website\"},\"datePublished\":\"2021-12-15T13:33:01+00:00\",\"dateModified\":\"2021-12-15T14:24:35+00:00\",\"description\":\"Das\u00a0West Point Airport Hotel\u00a0liegt\u00a0in der N\u00e4he des Flughafens Catullo Verona-Villafranca\u00a0und nur wenige Minuten von der Autobahn Verona Nord und der Ringstra\u00dfe. Es befindet sich im Herzen der L\u00e4nder der Custoza, von der Riviera del Garda, die Mor\u00e4nenh\u00fcgel und den Mincio-Tal umgeben. Entfernug: \u2022 Flughafen Verona-Villafranca: 1500 mt \u2022 Autobahn A22 BRENNERO-MODENA Ausfahrt Verona Nord: 5 km \u2022 Verona Porta Nuova Bahnhof: 9 km (mit dem Bus erreichbar) \u2022 Verona Messe: 8 km \u2022 Verona Zentrum: 9 km (mit dem Bus erreichbar) .\",\"breadcrumb\":{\"@id\":\"https:\/\/www.hotelwestpoint.it\/de\/wo-wir-sind\/#breadcrumb\"},\"inLanguage\":\"de-DE\",\"potentialAction\":[{\"@type\":\"ReadAction\",\"target\":[\"https:\/\/www.hotelwestpoint.it\/de\/wo-wir-sind\/\"]}]},{\"@type\":\"BreadcrumbList\",\"@id\":\"https:\/\/www.hotelwestpoint.it\/de\/wo-wir-sind\/#breadcrumb\",\"itemListElement\":[{\"@type\":\"ListItem\",\"position\":1,\"name\":\"Home\",\"item\":\"https:\/\/www.hotelwestpoint.it\/de\/\"},{\"@type\":\"ListItem\",\"position\":2,\"name\":\"Wo wir sind\"}]},{\"@type\":\"WebSite\",\"@id\":\"https:\/\/www.hotelwestpoint.it\/de\/#website\",\"url\":\"https:\/\/www.hotelwestpoint.it\/de\/\",\"name\":\"Westpoint Hotel\",\"description\":\"Ecco un altro sito ms.decms.eu\",\"potentialAction\":[{\"@type\":\"SearchAction\",\"target\":{\"@type\":\"EntryPoint\",\"urlTemplate\":\"https:\/\/www.hotelwestpoint.it\/de\/?s={search_term_string}\"},\"query-input\":{\"@type\":\"PropertyValueSpecification\",\"valueRequired\":true,\"valueName\":\"search_term_string\"}}],\"inLanguage\":\"de-DE\"}]}<\/script>\n<!-- \/ Yoast SEO plugin. -->","yoast_head_json":{"title":"Wo wir sind - Westpoint Hotel","description":"Das\u00a0West Point Airport Hotel\u00a0liegt\u00a0in der N\u00e4he des Flughafens Catullo Verona-Villafranca\u00a0und nur wenige Minuten von der Autobahn Verona Nord und der Ringstra\u00dfe. Es befindet sich im Herzen der L\u00e4nder der Custoza, von der Riviera del Garda, die Mor\u00e4nenh\u00fcgel und den Mincio-Tal umgeben.  Entfernug:   Flughafen Verona-Villafranca: 1500 mt  Autobahn A22 BRENNERO-MODENA Ausfahrt Verona Nord: 5 km  Verona Porta Nuova Bahnhof: 9 km (mit dem Bus erreichbar)  Verona Messe: 8 km  Verona Zentrum: 9 km (mit dem Bus erreichbar) .","robots":{"index":"index","follow":"follow","max-snippet":"max-snippet:-1","max-image-preview":"max-image-preview:large","max-video-preview":"max-video-preview:-1"},"canonical":"https:\/\/www.hotelwestpoint.it\/de\/wo-wir-sind\/","og_locale":"de_DE","og_type":"article","og_title":"Wo wir sind - Westpoint Hotel","og_description":"Das\u00a0West Point Airport Hotel\u00a0liegt\u00a0in der N\u00e4he des Flughafens Catullo Verona-Villafranca\u00a0und nur wenige Minuten von der Autobahn Verona Nord und der Ringstra\u00dfe. Es befindet sich im Herzen der L\u00e4nder der Custoza, von der Riviera del Garda, die Mor\u00e4nenh\u00fcgel und den Mincio-Tal umgeben.  Entfernug:   Flughafen Verona-Villafranca: 1500 mt  Autobahn A22 BRENNERO-MODENA Ausfahrt Verona Nord: 5 km  Verona Porta Nuova Bahnhof: 9 km (mit dem Bus erreichbar)  Verona Messe: 8 km  Verona Zentrum: 9 km (mit dem Bus erreichbar) .","og_url":"https:\/\/www.hotelwestpoint.it\/de\/wo-wir-sind\/","og_site_name":"Westpoint Hotel","article_modified_time":"2021-12-15T14:24:35+00:00","twitter_card":"summary_large_image","schema":{"@context":"https:\/\/schema.org","@graph":[{"@type":"WebPage","@id":"https:\/\/www.hotelwestpoint.it\/de\/wo-wir-sind\/","url":"https:\/\/www.hotelwestpoint.it\/de\/wo-wir-sind\/","name":"Wo wir sind - Westpoint Hotel","isPartOf":{"@id":"https:\/\/www.hotelwestpoint.it\/de\/#website"},"datePublished":"2021-12-15T13:33:01+00:00","dateModified":"2021-12-15T14:24:35+00:00","description":"Das\u00a0West Point Airport Hotel\u00a0liegt\u00a0in der N\u00e4he des Flughafens Catullo Verona-Villafranca\u00a0und nur wenige Minuten von der Autobahn Verona Nord und der Ringstra\u00dfe. Es befindet sich im Herzen der L\u00e4nder der Custoza, von der Riviera del Garda, die Mor\u00e4nenh\u00fcgel und den Mincio-Tal umgeben. Entfernug: \u2022 Flughafen Verona-Villafranca: 1500 mt \u2022 Autobahn A22 BRENNERO-MODENA Ausfahrt Verona Nord: 5 km \u2022 Verona Porta Nuova Bahnhof: 9 km (mit dem Bus erreichbar) \u2022 Verona Messe: 8 km \u2022 Verona Zentrum: 9 km (mit dem Bus erreichbar) .","breadcrumb":{"@id":"https:\/\/www.hotelwestpoint.it\/de\/wo-wir-sind\/#breadcrumb"},"inLanguage":"de-DE","potentialAction":[{"@type":"ReadAction","target":["https:\/\/www.hotelwestpoint.it\/de\/wo-wir-sind\/"]}]},{"@type":"BreadcrumbList","@id":"https:\/\/www.hotelwestpoint.it\/de\/wo-wir-sind\/#breadcrumb","itemListElement":[{"@type":"ListItem","position":1,"name":"Home","item":"https:\/\/www.hotelwestpoint.it\/de\/"},{"@type":"ListItem","position":2,"name":"Wo wir sind"}]},{"@type":"WebSite","@id":"https:\/\/www.hotelwestpoint.it\/de\/#website","url":"https:\/\/www.hotelwestpoint.it\/de\/","name":"Westpoint Hotel","description":"Ecco un altro sito ms.decms.eu","potentialAction":[{"@type":"SearchAction","target":{"@type":"EntryPoint","urlTemplate":"https:\/\/www.hotelwestpoint.it\/de\/?s={search_term_string}"},"query-input":{"@type":"PropertyValueSpecification","valueRequired":true,"valueName":"search_term_string"}}],"inLanguage":"de-DE"}]}},"acf":[],"_links":{"self":[{"href":"https:\/\/www.hotelwestpoint.it\/de\/wp-json\/wp\/v2\/pages\/121","targetHints":{"allow":["GET"]}}],"collection":[{"href":"https:\/\/www.hotelwestpoint.it\/de\/wp-json\/wp\/v2\/pages"}],"about":[{"href":"https:\/\/www.hotelwestpoint.it\/de\/wp-json\/wp\/v2\/types\/page"}],"author":[{"embeddable":true,"href":"https:\/\/www.hotelwestpoint.it\/de\/wp-json\/wp\/v2\/users\/13"}],"replies":[{"embeddable":true,"href":"https:\/\/www.hotelwestpoint.it\/de\/wp-json\/wp\/v2\/comments?post=121"}],"version-history":[{"count":0,"href":"https:\/\/www.hotelwestpoint.it\/de\/wp-json\/wp\/v2\/pages\/121\/revisions"}],"wp:attachment":[{"href":"https:\/\/www.hotelwestpoint.it\/de\/wp-json\/wp\/v2\/media?parent=121"}],"curies":[{"name":"wp","href":"https:\/\/api.w.org\/{rel}","templated":true}]}}