{"id":122,"date":"2021-12-15T15:26:52","date_gmt":"2021-12-15T14:26:52","guid":{"rendered":"https:\/\/westpointhotel.ms.decms.eu\/?page_id=122"},"modified":"2022-02-04T17:22:53","modified_gmt":"2022-02-04T16:22:53","slug":"konferenz","status":"publish","type":"page","link":"https:\/\/www.hotelwestpoint.it\/de\/konferenz\/","title":{"rendered":"Konferenz"},"content":{"rendered":"<p>Ob ein kleines gesch\u00e4ftliches Meeting oder eine gro\u00dfe Konferenz, ob Seminare oder Workshops, Produktpr\u00e4sentationen oder die Vorstellung einer Musterkollektion, das West Point Airport Hotel bietet den Rahmen f\u00fcr jede Art von Veranstaltung in den 5 Tagungsr\u00e4umen mit einer Kapazit\u00e4t von bis zu 150 Pl\u00e4tzen und moderner technischer Ausstattung.<\/p>\n<p>Die\u00a0drei Konferenzr\u00e4um \u00a0im Erdgeschoss\u00a0verf\u00fcgen alle \u00fcber Tageslicht und sind \u00fcber ein gro\u00dfes Foyer zug\u00e4nglich. Die beiden modernen und funktionalen Tagungsr\u00e4ume im ersten Untergeschoss erhalten ausreichend Tageslicht durch hochgelegene Fenster und sind besonders abgeschirmt.<\/p>\n<p>F\u00fcr gr\u00f6\u00dftm\u00f6gliche Gestaltungsfreiheit kann die Bestuhlung in jedem Saal je nach Anforderung in verschiedenen Formen ausgef\u00fchrt werden. Unser Team ist speziell geschult, um Sie w\u00e4hrend der Veranstaltungen zu unterst\u00fctzen und Sie vor und nach den Konferenzen zu betreuen.<\/p>\n","protected":false},"excerpt":{"rendered":"<p>Ob ein kleines gesch\u00e4ftliches Meeting oder eine gro\u00dfe Konferenz, ob Seminare oder Workshops, Produktpr\u00e4sentationen oder die Vorstellung einer Musterkollektion, das West Point Airport Hotel bietet den Rahmen f\u00fcr jede Art von Veranstaltung in den 5 Tagungsr\u00e4umen mit einer Kapazit\u00e4t von bis zu 150 Pl\u00e4tzen und moderner technischer Ausstattung. Die\u00a0drei Konferenzr\u00e4um \u00a0im Erdgeschoss\u00a0verf\u00fcgen alle \u00fcber Tageslicht [&hellip;]<\/p>\n","protected":false},"author":13,"featured_media":0,"parent":0,"menu_order":50,"comment_status":"closed","ping_status":"closed","template":"template-meeting.php","meta":{"footnotes":""},"class_list":["post-122","page","type-page","status-publish","hentry"],"yoast_head":"<!-- This site is optimized with the Yoast SEO plugin v26.9 - https:\/\/yoast.com\/product\/yoast-seo-wordpress\/ -->\n<title>Konferenz - Westpoint Hotel<\/title>\n<meta name=\"description\" content=\"Ob ein kleines gesch\u00e4ftliches Meeting oder eine gro\u00dfe Konferenz, ob Seminare oder Workshops, Produktpr\u00e4sentationen oder die Vorstellung einer Musterkollektion, das West Point Airport Hotel bietet den Rahmen f\u00fcr jede Art von Veranstaltung in den 5 Tagungsr\u00e4umen mit einer Kapazit\u00e4t von bis zu 150 Pl\u00e4tzen und moderner technischer Ausstattung.  Die\u00a0drei Konferenzr\u00e4um \u00a0im Erdgeschoss\u00a0verf\u00fcgen alle \u00fcber Tageslicht und sind \u00fcber ein gro\u00dfes Foyer zug\u00e4nglich. Die beiden modernen und funktionalen Tagungsr\u00e4ume im ersten Untergeschoss erhalten ausreichend Tageslicht durch hochgelegene Fenster und sind besonders abgeschirmt.  F\u00fcr gr\u00f6\u00dftm\u00f6gliche Gestaltungsfreiheit kann die Bestuhlung in jedem Saal je nach Anforderung in verschiedenen Formen ausgef\u00fchrt werden\" \/>\n<meta name=\"robots\" content=\"index, follow, max-snippet:-1, max-image-preview:large, max-video-preview:-1\" \/>\n<link rel=\"canonical\" href=\"https:\/\/www.hotelwestpoint.it\/de\/konferenz\/\" \/>\n<meta property=\"og:locale\" content=\"de_DE\" \/>\n<meta property=\"og:type\" content=\"article\" \/>\n<meta property=\"og:title\" content=\"Konferenz - Westpoint Hotel\" \/>\n<meta property=\"og:description\" content=\"Ob ein kleines gesch\u00e4ftliches Meeting oder eine gro\u00dfe Konferenz, ob Seminare oder Workshops, Produktpr\u00e4sentationen oder die Vorstellung einer Musterkollektion, das West Point Airport Hotel bietet den Rahmen f\u00fcr jede Art von Veranstaltung in den 5 Tagungsr\u00e4umen mit einer Kapazit\u00e4t von bis zu 150 Pl\u00e4tzen und moderner technischer Ausstattung.  Die\u00a0drei Konferenzr\u00e4um \u00a0im Erdgeschoss\u00a0verf\u00fcgen alle \u00fcber Tageslicht und sind \u00fcber ein gro\u00dfes Foyer zug\u00e4nglich. Die beiden modernen und funktionalen Tagungsr\u00e4ume im ersten Untergeschoss erhalten ausreichend Tageslicht durch hochgelegene Fenster und sind besonders abgeschirmt.  F\u00fcr gr\u00f6\u00dftm\u00f6gliche Gestaltungsfreiheit kann die Bestuhlung in jedem Saal je nach Anforderung in verschiedenen Formen ausgef\u00fchrt werden\" \/>\n<meta property=\"og:url\" content=\"https:\/\/www.hotelwestpoint.it\/de\/konferenz\/\" \/>\n<meta property=\"og:site_name\" content=\"Westpoint Hotel\" \/>\n<meta property=\"article:modified_time\" content=\"2022-02-04T16:22:53+00:00\" \/>\n<meta name=\"twitter:card\" content=\"summary_large_image\" \/>\n<meta name=\"twitter:label1\" content=\"Gesch\u00e4tzte Lesezeit\" \/>\n\t<meta name=\"twitter:data1\" content=\"1 Minute\" \/>\n<script type=\"application\/ld+json\" class=\"yoast-schema-graph\">{\"@context\":\"https:\/\/schema.org\",\"@graph\":[{\"@type\":\"WebPage\",\"@id\":\"https:\/\/www.hotelwestpoint.it\/de\/konferenz\/\",\"url\":\"https:\/\/www.hotelwestpoint.it\/de\/konferenz\/\",\"name\":\"Konferenz - Westpoint Hotel\",\"isPartOf\":{\"@id\":\"https:\/\/www.hotelwestpoint.it\/de\/#website\"},\"datePublished\":\"2021-12-15T14:26:52+00:00\",\"dateModified\":\"2022-02-04T16:22:53+00:00\",\"description\":\"Ob ein kleines gesch\u00e4ftliches Meeting oder eine gro\u00dfe Konferenz, ob Seminare oder Workshops, Produktpr\u00e4sentationen oder die Vorstellung einer Musterkollektion, das West Point Airport Hotel bietet den Rahmen f\u00fcr jede Art von Veranstaltung in den 5 Tagungsr\u00e4umen mit einer Kapazit\u00e4t von bis zu 150 Pl\u00e4tzen und moderner technischer Ausstattung. Die\u00a0drei Konferenzr\u00e4um \u00a0im Erdgeschoss\u00a0verf\u00fcgen alle \u00fcber Tageslicht und sind \u00fcber ein gro\u00dfes Foyer zug\u00e4nglich. Die beiden modernen und funktionalen Tagungsr\u00e4ume im ersten Untergeschoss erhalten ausreichend Tageslicht durch hochgelegene Fenster und sind besonders abgeschirmt. F\u00fcr gr\u00f6\u00dftm\u00f6gliche Gestaltungsfreiheit kann die Bestuhlung in jedem Saal je nach Anforderung in verschiedenen Formen ausgef\u00fchrt werden\",\"breadcrumb\":{\"@id\":\"https:\/\/www.hotelwestpoint.it\/de\/konferenz\/#breadcrumb\"},\"inLanguage\":\"de-DE\",\"potentialAction\":[{\"@type\":\"ReadAction\",\"target\":[\"https:\/\/www.hotelwestpoint.it\/de\/konferenz\/\"]}]},{\"@type\":\"BreadcrumbList\",\"@id\":\"https:\/\/www.hotelwestpoint.it\/de\/konferenz\/#breadcrumb\",\"itemListElement\":[{\"@type\":\"ListItem\",\"position\":1,\"name\":\"Home\",\"item\":\"https:\/\/www.hotelwestpoint.it\/de\/\"},{\"@type\":\"ListItem\",\"position\":2,\"name\":\"Konferenz\"}]},{\"@type\":\"WebSite\",\"@id\":\"https:\/\/www.hotelwestpoint.it\/de\/#website\",\"url\":\"https:\/\/www.hotelwestpoint.it\/de\/\",\"name\":\"Westpoint Hotel\",\"description\":\"Ecco un altro sito ms.decms.eu\",\"potentialAction\":[{\"@type\":\"SearchAction\",\"target\":{\"@type\":\"EntryPoint\",\"urlTemplate\":\"https:\/\/www.hotelwestpoint.it\/de\/?s={search_term_string}\"},\"query-input\":{\"@type\":\"PropertyValueSpecification\",\"valueRequired\":true,\"valueName\":\"search_term_string\"}}],\"inLanguage\":\"de-DE\"}]}<\/script>\n<!-- \/ Yoast SEO plugin. -->","yoast_head_json":{"title":"Konferenz - Westpoint Hotel","description":"Ob ein kleines gesch\u00e4ftliches Meeting oder eine gro\u00dfe Konferenz, ob Seminare oder Workshops, Produktpr\u00e4sentationen oder die Vorstellung einer Musterkollektion, das West Point Airport Hotel bietet den Rahmen f\u00fcr jede Art von Veranstaltung in den 5 Tagungsr\u00e4umen mit einer Kapazit\u00e4t von bis zu 150 Pl\u00e4tzen und moderner technischer Ausstattung.  Die\u00a0drei Konferenzr\u00e4um \u00a0im Erdgeschoss\u00a0verf\u00fcgen alle \u00fcber Tageslicht und sind \u00fcber ein gro\u00dfes Foyer zug\u00e4nglich. Die beiden modernen und funktionalen Tagungsr\u00e4ume im ersten Untergeschoss erhalten ausreichend Tageslicht durch hochgelegene Fenster und sind besonders abgeschirmt.  F\u00fcr gr\u00f6\u00dftm\u00f6gliche Gestaltungsfreiheit kann die Bestuhlung in jedem Saal je nach Anforderung in verschiedenen Formen ausgef\u00fchrt werden","robots":{"index":"index","follow":"follow","max-snippet":"max-snippet:-1","max-image-preview":"max-image-preview:large","max-video-preview":"max-video-preview:-1"},"canonical":"https:\/\/www.hotelwestpoint.it\/de\/konferenz\/","og_locale":"de_DE","og_type":"article","og_title":"Konferenz - Westpoint Hotel","og_description":"Ob ein kleines gesch\u00e4ftliches Meeting oder eine gro\u00dfe Konferenz, ob Seminare oder Workshops, Produktpr\u00e4sentationen oder die Vorstellung einer Musterkollektion, das West Point Airport Hotel bietet den Rahmen f\u00fcr jede Art von Veranstaltung in den 5 Tagungsr\u00e4umen mit einer Kapazit\u00e4t von bis zu 150 Pl\u00e4tzen und moderner technischer Ausstattung.  Die\u00a0drei Konferenzr\u00e4um \u00a0im Erdgeschoss\u00a0verf\u00fcgen alle \u00fcber Tageslicht und sind \u00fcber ein gro\u00dfes Foyer zug\u00e4nglich. Die beiden modernen und funktionalen Tagungsr\u00e4ume im ersten Untergeschoss erhalten ausreichend Tageslicht durch hochgelegene Fenster und sind besonders abgeschirmt.  F\u00fcr gr\u00f6\u00dftm\u00f6gliche Gestaltungsfreiheit kann die Bestuhlung in jedem Saal je nach Anforderung in verschiedenen Formen ausgef\u00fchrt werden","og_url":"https:\/\/www.hotelwestpoint.it\/de\/konferenz\/","og_site_name":"Westpoint Hotel","article_modified_time":"2022-02-04T16:22:53+00:00","twitter_card":"summary_large_image","twitter_misc":{"Gesch\u00e4tzte Lesezeit":"1 Minute"},"schema":{"@context":"https:\/\/schema.org","@graph":[{"@type":"WebPage","@id":"https:\/\/www.hotelwestpoint.it\/de\/konferenz\/","url":"https:\/\/www.hotelwestpoint.it\/de\/konferenz\/","name":"Konferenz - Westpoint Hotel","isPartOf":{"@id":"https:\/\/www.hotelwestpoint.it\/de\/#website"},"datePublished":"2021-12-15T14:26:52+00:00","dateModified":"2022-02-04T16:22:53+00:00","description":"Ob ein kleines gesch\u00e4ftliches Meeting oder eine gro\u00dfe Konferenz, ob Seminare oder Workshops, Produktpr\u00e4sentationen oder die Vorstellung einer Musterkollektion, das West Point Airport Hotel bietet den Rahmen f\u00fcr jede Art von Veranstaltung in den 5 Tagungsr\u00e4umen mit einer Kapazit\u00e4t von bis zu 150 Pl\u00e4tzen und moderner technischer Ausstattung. Die\u00a0drei Konferenzr\u00e4um \u00a0im Erdgeschoss\u00a0verf\u00fcgen alle \u00fcber Tageslicht und sind \u00fcber ein gro\u00dfes Foyer zug\u00e4nglich. Die beiden modernen und funktionalen Tagungsr\u00e4ume im ersten Untergeschoss erhalten ausreichend Tageslicht durch hochgelegene Fenster und sind besonders abgeschirmt. F\u00fcr gr\u00f6\u00dftm\u00f6gliche Gestaltungsfreiheit kann die Bestuhlung in jedem Saal je nach Anforderung in verschiedenen Formen ausgef\u00fchrt werden","breadcrumb":{"@id":"https:\/\/www.hotelwestpoint.it\/de\/konferenz\/#breadcrumb"},"inLanguage":"de-DE","potentialAction":[{"@type":"ReadAction","target":["https:\/\/www.hotelwestpoint.it\/de\/konferenz\/"]}]},{"@type":"BreadcrumbList","@id":"https:\/\/www.hotelwestpoint.it\/de\/konferenz\/#breadcrumb","itemListElement":[{"@type":"ListItem","position":1,"name":"Home","item":"https:\/\/www.hotelwestpoint.it\/de\/"},{"@type":"ListItem","position":2,"name":"Konferenz"}]},{"@type":"WebSite","@id":"https:\/\/www.hotelwestpoint.it\/de\/#website","url":"https:\/\/www.hotelwestpoint.it\/de\/","name":"Westpoint Hotel","description":"Ecco un altro sito ms.decms.eu","potentialAction":[{"@type":"SearchAction","target":{"@type":"EntryPoint","urlTemplate":"https:\/\/www.hotelwestpoint.it\/de\/?s={search_term_string}"},"query-input":{"@type":"PropertyValueSpecification","valueRequired":true,"valueName":"search_term_string"}}],"inLanguage":"de-DE"}]}},"acf":[],"_links":{"self":[{"href":"https:\/\/www.hotelwestpoint.it\/de\/wp-json\/wp\/v2\/pages\/122","targetHints":{"allow":["GET"]}}],"collection":[{"href":"https:\/\/www.hotelwestpoint.it\/de\/wp-json\/wp\/v2\/pages"}],"about":[{"href":"https:\/\/www.hotelwestpoint.it\/de\/wp-json\/wp\/v2\/types\/page"}],"author":[{"embeddable":true,"href":"https:\/\/www.hotelwestpoint.it\/de\/wp-json\/wp\/v2\/users\/13"}],"replies":[{"embeddable":true,"href":"https:\/\/www.hotelwestpoint.it\/de\/wp-json\/wp\/v2\/comments?post=122"}],"version-history":[{"count":0,"href":"https:\/\/www.hotelwestpoint.it\/de\/wp-json\/wp\/v2\/pages\/122\/revisions"}],"wp:attachment":[{"href":"https:\/\/www.hotelwestpoint.it\/de\/wp-json\/wp\/v2\/media?parent=122"}],"curies":[{"name":"wp","href":"https:\/\/api.w.org\/{rel}","templated":true}]}}