{"id":429,"date":"2022-01-19T17:35:22","date_gmt":"2022-01-19T16:35:22","guid":{"rendered":"https:\/\/westpointhotel.ms.decms.eu\/?page_id=429"},"modified":"2022-01-19T17:35:22","modified_gmt":"2022-01-19T16:35:22","slug":"erfahrungen","status":"publish","type":"page","link":"https:\/\/www.hotelwestpoint.it\/de\/erfahrungen\/","title":{"rendered":"Erfahrungen"},"content":{"rendered":"<p>Das<strong> West Point Airport Hotel\u00a0<\/strong>befindet sich in bester Lage und ist der ideale Ausgangspunkt f\u00fcr unser Gebiet zu besuchen. Und \u201ageeignet f\u00fcr jede Art von Aufenthalt aus dem <strong>k\u00fcnstlerischen und kulturellen Tourismus, f\u00fcr Business, Freizeit, Sport und Shopping.<\/strong> In Zusammenarbeit mit unseren Partnern empfehlen wir Ihnen einige Erfahrungen, um Ihren Aufenthalt zu bereichern.<\/p>\n","protected":false},"excerpt":{"rendered":"<p>Das West Point Airport Hotel\u00a0befindet sich in bester Lage und ist der ideale Ausgangspunkt f\u00fcr unser Gebiet zu besuchen. Und \u201ageeignet f\u00fcr jede Art von Aufenthalt aus dem k\u00fcnstlerischen und kulturellen Tourismus, f\u00fcr Business, Freizeit, Sport und Shopping. In Zusammenarbeit mit unseren Partnern empfehlen wir Ihnen einige Erfahrungen, um Ihren Aufenthalt zu bereichern.<\/p>\n","protected":false},"author":13,"featured_media":0,"parent":0,"menu_order":60,"comment_status":"closed","ping_status":"closed","template":"template-experiences.php","meta":{"footnotes":""},"class_list":["post-429","page","type-page","status-publish","hentry"],"yoast_head":"<!-- This site is optimized with the Yoast SEO plugin v26.9 - https:\/\/yoast.com\/product\/yoast-seo-wordpress\/ -->\n<title>Erfahrungen - Westpoint Hotel<\/title>\n<meta name=\"description\" content=\"Das West Point Airport Hotel\u00a0befindet sich in bester Lage und ist der ideale Ausgangspunkt f\u00fcr unser Gebiet zu besuchen. Und \u201ageeignet f\u00fcr jede Art von Aufenthalt aus dem k\u00fcnstlerischen und kulturellen Tourismus, f\u00fcr Business, Freizeit, Sport und Shopping. In Zusammenarbeit mit unseren Partnern empfehlen wir Ihnen einige Erfahrungen, um Ihren Aufenthalt zu bereichern.\" \/>\n<meta name=\"robots\" content=\"index, follow, max-snippet:-1, max-image-preview:large, max-video-preview:-1\" \/>\n<link rel=\"canonical\" href=\"https:\/\/www.hotelwestpoint.it\/de\/erfahrungen\/\" \/>\n<meta property=\"og:locale\" content=\"de_DE\" \/>\n<meta property=\"og:type\" content=\"article\" \/>\n<meta property=\"og:title\" content=\"Erfahrungen - Westpoint Hotel\" \/>\n<meta property=\"og:description\" content=\"Das West Point Airport Hotel\u00a0befindet sich in bester Lage und ist der ideale Ausgangspunkt f\u00fcr unser Gebiet zu besuchen. Und \u201ageeignet f\u00fcr jede Art von Aufenthalt aus dem k\u00fcnstlerischen und kulturellen Tourismus, f\u00fcr Business, Freizeit, Sport und Shopping. In Zusammenarbeit mit unseren Partnern empfehlen wir Ihnen einige Erfahrungen, um Ihren Aufenthalt zu bereichern.\" \/>\n<meta property=\"og:url\" content=\"https:\/\/www.hotelwestpoint.it\/de\/erfahrungen\/\" \/>\n<meta property=\"og:site_name\" content=\"Westpoint Hotel\" \/>\n<meta name=\"twitter:card\" content=\"summary_large_image\" \/>\n<script type=\"application\/ld+json\" class=\"yoast-schema-graph\">{\"@context\":\"https:\/\/schema.org\",\"@graph\":[{\"@type\":\"WebPage\",\"@id\":\"https:\/\/www.hotelwestpoint.it\/de\/erfahrungen\/\",\"url\":\"https:\/\/www.hotelwestpoint.it\/de\/erfahrungen\/\",\"name\":\"Erfahrungen - Westpoint Hotel\",\"isPartOf\":{\"@id\":\"https:\/\/www.hotelwestpoint.it\/de\/#website\"},\"datePublished\":\"2022-01-19T16:35:22+00:00\",\"description\":\"Das West Point Airport Hotel\u00a0befindet sich in bester Lage und ist der ideale Ausgangspunkt f\u00fcr unser Gebiet zu besuchen. Und \u201ageeignet f\u00fcr jede Art von Aufenthalt aus dem k\u00fcnstlerischen und kulturellen Tourismus, f\u00fcr Business, Freizeit, Sport und Shopping. In Zusammenarbeit mit unseren Partnern empfehlen wir Ihnen einige Erfahrungen, um Ihren Aufenthalt zu bereichern.\",\"breadcrumb\":{\"@id\":\"https:\/\/www.hotelwestpoint.it\/de\/erfahrungen\/#breadcrumb\"},\"inLanguage\":\"de-DE\",\"potentialAction\":[{\"@type\":\"ReadAction\",\"target\":[\"https:\/\/www.hotelwestpoint.it\/de\/erfahrungen\/\"]}]},{\"@type\":\"BreadcrumbList\",\"@id\":\"https:\/\/www.hotelwestpoint.it\/de\/erfahrungen\/#breadcrumb\",\"itemListElement\":[{\"@type\":\"ListItem\",\"position\":1,\"name\":\"Home\",\"item\":\"https:\/\/www.hotelwestpoint.it\/de\/\"},{\"@type\":\"ListItem\",\"position\":2,\"name\":\"Erfahrungen\"}]},{\"@type\":\"WebSite\",\"@id\":\"https:\/\/www.hotelwestpoint.it\/de\/#website\",\"url\":\"https:\/\/www.hotelwestpoint.it\/de\/\",\"name\":\"Westpoint Hotel\",\"description\":\"Ecco un altro sito ms.decms.eu\",\"potentialAction\":[{\"@type\":\"SearchAction\",\"target\":{\"@type\":\"EntryPoint\",\"urlTemplate\":\"https:\/\/www.hotelwestpoint.it\/de\/?s={search_term_string}\"},\"query-input\":{\"@type\":\"PropertyValueSpecification\",\"valueRequired\":true,\"valueName\":\"search_term_string\"}}],\"inLanguage\":\"de-DE\"}]}<\/script>\n<!-- \/ Yoast SEO plugin. -->","yoast_head_json":{"title":"Erfahrungen - Westpoint Hotel","description":"Das West Point Airport Hotel\u00a0befindet sich in bester Lage und ist der ideale Ausgangspunkt f\u00fcr unser Gebiet zu besuchen. Und \u201ageeignet f\u00fcr jede Art von Aufenthalt aus dem k\u00fcnstlerischen und kulturellen Tourismus, f\u00fcr Business, Freizeit, Sport und Shopping. In Zusammenarbeit mit unseren Partnern empfehlen wir Ihnen einige Erfahrungen, um Ihren Aufenthalt zu bereichern.","robots":{"index":"index","follow":"follow","max-snippet":"max-snippet:-1","max-image-preview":"max-image-preview:large","max-video-preview":"max-video-preview:-1"},"canonical":"https:\/\/www.hotelwestpoint.it\/de\/erfahrungen\/","og_locale":"de_DE","og_type":"article","og_title":"Erfahrungen - Westpoint Hotel","og_description":"Das West Point Airport Hotel\u00a0befindet sich in bester Lage und ist der ideale Ausgangspunkt f\u00fcr unser Gebiet zu besuchen. Und \u201ageeignet f\u00fcr jede Art von Aufenthalt aus dem k\u00fcnstlerischen und kulturellen Tourismus, f\u00fcr Business, Freizeit, Sport und Shopping. In Zusammenarbeit mit unseren Partnern empfehlen wir Ihnen einige Erfahrungen, um Ihren Aufenthalt zu bereichern.","og_url":"https:\/\/www.hotelwestpoint.it\/de\/erfahrungen\/","og_site_name":"Westpoint Hotel","twitter_card":"summary_large_image","schema":{"@context":"https:\/\/schema.org","@graph":[{"@type":"WebPage","@id":"https:\/\/www.hotelwestpoint.it\/de\/erfahrungen\/","url":"https:\/\/www.hotelwestpoint.it\/de\/erfahrungen\/","name":"Erfahrungen - Westpoint Hotel","isPartOf":{"@id":"https:\/\/www.hotelwestpoint.it\/de\/#website"},"datePublished":"2022-01-19T16:35:22+00:00","description":"Das West Point Airport Hotel\u00a0befindet sich in bester Lage und ist der ideale Ausgangspunkt f\u00fcr unser Gebiet zu besuchen. Und \u201ageeignet f\u00fcr jede Art von Aufenthalt aus dem k\u00fcnstlerischen und kulturellen Tourismus, f\u00fcr Business, Freizeit, Sport und Shopping. In Zusammenarbeit mit unseren Partnern empfehlen wir Ihnen einige Erfahrungen, um Ihren Aufenthalt zu bereichern.","breadcrumb":{"@id":"https:\/\/www.hotelwestpoint.it\/de\/erfahrungen\/#breadcrumb"},"inLanguage":"de-DE","potentialAction":[{"@type":"ReadAction","target":["https:\/\/www.hotelwestpoint.it\/de\/erfahrungen\/"]}]},{"@type":"BreadcrumbList","@id":"https:\/\/www.hotelwestpoint.it\/de\/erfahrungen\/#breadcrumb","itemListElement":[{"@type":"ListItem","position":1,"name":"Home","item":"https:\/\/www.hotelwestpoint.it\/de\/"},{"@type":"ListItem","position":2,"name":"Erfahrungen"}]},{"@type":"WebSite","@id":"https:\/\/www.hotelwestpoint.it\/de\/#website","url":"https:\/\/www.hotelwestpoint.it\/de\/","name":"Westpoint Hotel","description":"Ecco un altro sito ms.decms.eu","potentialAction":[{"@type":"SearchAction","target":{"@type":"EntryPoint","urlTemplate":"https:\/\/www.hotelwestpoint.it\/de\/?s={search_term_string}"},"query-input":{"@type":"PropertyValueSpecification","valueRequired":true,"valueName":"search_term_string"}}],"inLanguage":"de-DE"}]}},"acf":[],"_links":{"self":[{"href":"https:\/\/www.hotelwestpoint.it\/de\/wp-json\/wp\/v2\/pages\/429","targetHints":{"allow":["GET"]}}],"collection":[{"href":"https:\/\/www.hotelwestpoint.it\/de\/wp-json\/wp\/v2\/pages"}],"about":[{"href":"https:\/\/www.hotelwestpoint.it\/de\/wp-json\/wp\/v2\/types\/page"}],"author":[{"embeddable":true,"href":"https:\/\/www.hotelwestpoint.it\/de\/wp-json\/wp\/v2\/users\/13"}],"replies":[{"embeddable":true,"href":"https:\/\/www.hotelwestpoint.it\/de\/wp-json\/wp\/v2\/comments?post=429"}],"version-history":[{"count":0,"href":"https:\/\/www.hotelwestpoint.it\/de\/wp-json\/wp\/v2\/pages\/429\/revisions"}],"wp:attachment":[{"href":"https:\/\/www.hotelwestpoint.it\/de\/wp-json\/wp\/v2\/media?parent=429"}],"curies":[{"name":"wp","href":"https:\/\/api.w.org\/{rel}","templated":true}]}}