{"id":430,"date":"2022-01-19T17:36:22","date_gmt":"2022-01-19T16:36:22","guid":{"rendered":"https:\/\/westpointhotel.ms.decms.eu\/?page_id=430"},"modified":"2022-01-19T17:36:22","modified_gmt":"2022-01-19T16:36:22","slug":"ristorante-vignal","status":"publish","type":"page","link":"https:\/\/www.hotelwestpoint.it\/de\/erfahrungen\/ristorante-vignal\/","title":{"rendered":"Ristorante Vignal"},"content":{"rendered":"<p>Das<strong>\u00a0Restaurant Vignal<\/strong> ist ein einladendes Ambiente im Hotel Villa Malaspina, nur 13 km vom West Point Airport Hotel entfernt.<br \/>\nDank der Breite, Aufteilung und Vielseitigkeit der R\u00e4umlichkeiten eignet es sich f\u00fcr jede Art von Veranstaltung, von intimen Abendessen bei Kerzenschein \u00fcber Geburtstage mit Freunden bis hin zu Gesch\u00e4ftsessen, Galadiners, Banketten und Hochzeiten. Es bietet eine einfache und kreative italienische K\u00fcche, die sich an ein Publikum richtet, das auf die Qualit\u00e4t der Rohstoffe und die Saisonalit\u00e4t der Produkte achtet.<\/p>\n<p>Sichtbalken, ein gro\u00dfer Kamin und harmonische Eleganz machen es besonders geeignet f\u00fcr eine exklusive Zeremonie. Die gro\u00dfe Vielseitigkeit der Au\u00dfenbereiche macht es m\u00f6glich, jeden Moment des Tages aufzuwerten.<br \/>\nDie charakteristische<strong>\u00a0Aia,<\/strong> umgeben von einem kleinen und charmanten Garten, bietet Platz f\u00fcr bis zu rd. 100\/120 Menschen. F\u00fcr die intimsten und gesammeltesten Zeremonien ist der ideale Ort das\u00a0<strong>Vignal<\/strong>. Es bietet Platz f\u00fcr bis zu ca. 80 G\u00e4ste in 3 stimmungsvollen Zimmern.<\/p>\n<p>Das Restaurant Vignal wird von all jenen gew\u00e4hlt, die einen herzlichen und diskreten Empfang, hochwertigen Service und gute K\u00fcche, eine einfache und komfortable Umgebung sch\u00e4tzen und sich stets wohl f\u00fchlen m\u00f6chten<\/p>\n","protected":false},"excerpt":{"rendered":"<p>Das\u00a0Restaurant Vignal ist ein einladendes Ambiente im Hotel Villa Malaspina, nur 13 km vom West Point Airport Hotel entfernt. Dank der Breite, Aufteilung und Vielseitigkeit der R\u00e4umlichkeiten eignet es sich f\u00fcr jede Art von Veranstaltung, von intimen Abendessen bei Kerzenschein \u00fcber Geburtstage mit Freunden bis hin zu Gesch\u00e4ftsessen, Galadiners, Banketten und Hochzeiten. Es bietet eine [&hellip;]<\/p>\n","protected":false},"author":13,"featured_media":0,"parent":429,"menu_order":10,"comment_status":"closed","ping_status":"closed","template":"template-single-experience.php","meta":{"footnotes":""},"class_list":["post-430","page","type-page","status-publish","hentry"],"yoast_head":"<!-- This site is optimized with the Yoast SEO plugin v26.9 - https:\/\/yoast.com\/product\/yoast-seo-wordpress\/ -->\n<title>Ristorante Vignal - Westpoint Hotel<\/title>\n<meta name=\"description\" content=\"Das\u00a0Restaurant Vignal ist ein einladendes Ambiente im Hotel Villa Malaspina, nur 13 km vom West Point Airport Hotel entfernt. Dank der Breite, Aufteilung und Vielseitigkeit der R\u00e4umlichkeiten eignet es sich f\u00fcr jede Art von Veranstaltung, von intimen Abendessen bei Kerzenschein \u00fcber Geburtstage mit Freunden bis hin zu Gesch\u00e4ftsessen, Galadiners, Banketten und Hochzeiten. Es bietet eine einfache und kreative italienische K\u00fcche, die sich an ein Publikum richtet, das auf die Qualit\u00e4t der Rohstoffe und die Saisonalit\u00e4t der Produkte achtet.  Sichtbalken, ein gro\u00dfer Kamin und harmonische Eleganz machen es besonders geeignet f\u00fcr eine exklusive Zeremonie\" \/>\n<meta name=\"robots\" content=\"index, follow, max-snippet:-1, max-image-preview:large, max-video-preview:-1\" \/>\n<link rel=\"canonical\" href=\"https:\/\/www.hotelwestpoint.it\/de\/erfahrungen\/ristorante-vignal\/\" \/>\n<meta property=\"og:locale\" content=\"de_DE\" \/>\n<meta property=\"og:type\" content=\"article\" \/>\n<meta property=\"og:title\" content=\"Ristorante Vignal - Westpoint Hotel\" \/>\n<meta property=\"og:description\" content=\"Das\u00a0Restaurant Vignal ist ein einladendes Ambiente im Hotel Villa Malaspina, nur 13 km vom West Point Airport Hotel entfernt. Dank der Breite, Aufteilung und Vielseitigkeit der R\u00e4umlichkeiten eignet es sich f\u00fcr jede Art von Veranstaltung, von intimen Abendessen bei Kerzenschein \u00fcber Geburtstage mit Freunden bis hin zu Gesch\u00e4ftsessen, Galadiners, Banketten und Hochzeiten. Es bietet eine einfache und kreative italienische K\u00fcche, die sich an ein Publikum richtet, das auf die Qualit\u00e4t der Rohstoffe und die Saisonalit\u00e4t der Produkte achtet.  Sichtbalken, ein gro\u00dfer Kamin und harmonische Eleganz machen es besonders geeignet f\u00fcr eine exklusive Zeremonie\" \/>\n<meta property=\"og:url\" content=\"https:\/\/www.hotelwestpoint.it\/de\/erfahrungen\/ristorante-vignal\/\" \/>\n<meta property=\"og:site_name\" content=\"Westpoint Hotel\" \/>\n<meta name=\"twitter:card\" content=\"summary_large_image\" \/>\n<meta name=\"twitter:label1\" content=\"Gesch\u00e4tzte Lesezeit\" \/>\n\t<meta name=\"twitter:data1\" content=\"1 Minute\" \/>\n<script type=\"application\/ld+json\" class=\"yoast-schema-graph\">{\"@context\":\"https:\/\/schema.org\",\"@graph\":[{\"@type\":\"WebPage\",\"@id\":\"https:\/\/www.hotelwestpoint.it\/de\/erfahrungen\/ristorante-vignal\/\",\"url\":\"https:\/\/www.hotelwestpoint.it\/de\/erfahrungen\/ristorante-vignal\/\",\"name\":\"Ristorante Vignal - Westpoint Hotel\",\"isPartOf\":{\"@id\":\"https:\/\/www.hotelwestpoint.it\/de\/#website\"},\"datePublished\":\"2022-01-19T16:36:22+00:00\",\"description\":\"Das\u00a0Restaurant Vignal ist ein einladendes Ambiente im Hotel Villa Malaspina, nur 13 km vom West Point Airport Hotel entfernt. Dank der Breite, Aufteilung und Vielseitigkeit der R\u00e4umlichkeiten eignet es sich f\u00fcr jede Art von Veranstaltung, von intimen Abendessen bei Kerzenschein \u00fcber Geburtstage mit Freunden bis hin zu Gesch\u00e4ftsessen, Galadiners, Banketten und Hochzeiten. Es bietet eine einfache und kreative italienische K\u00fcche, die sich an ein Publikum richtet, das auf die Qualit\u00e4t der Rohstoffe und die Saisonalit\u00e4t der Produkte achtet. Sichtbalken, ein gro\u00dfer Kamin und harmonische Eleganz machen es besonders geeignet f\u00fcr eine exklusive Zeremonie\",\"breadcrumb\":{\"@id\":\"https:\/\/www.hotelwestpoint.it\/de\/erfahrungen\/ristorante-vignal\/#breadcrumb\"},\"inLanguage\":\"de-DE\",\"potentialAction\":[{\"@type\":\"ReadAction\",\"target\":[\"https:\/\/www.hotelwestpoint.it\/de\/erfahrungen\/ristorante-vignal\/\"]}]},{\"@type\":\"BreadcrumbList\",\"@id\":\"https:\/\/www.hotelwestpoint.it\/de\/erfahrungen\/ristorante-vignal\/#breadcrumb\",\"itemListElement\":[{\"@type\":\"ListItem\",\"position\":1,\"name\":\"Home\",\"item\":\"https:\/\/www.hotelwestpoint.it\/de\/\"},{\"@type\":\"ListItem\",\"position\":2,\"name\":\"Erfahrungen\",\"item\":\"https:\/\/www.hotelwestpoint.it\/de\/erfahrungen\/\"},{\"@type\":\"ListItem\",\"position\":3,\"name\":\"Ristorante Vignal\"}]},{\"@type\":\"WebSite\",\"@id\":\"https:\/\/www.hotelwestpoint.it\/de\/#website\",\"url\":\"https:\/\/www.hotelwestpoint.it\/de\/\",\"name\":\"Westpoint Hotel\",\"description\":\"Ecco un altro sito ms.decms.eu\",\"potentialAction\":[{\"@type\":\"SearchAction\",\"target\":{\"@type\":\"EntryPoint\",\"urlTemplate\":\"https:\/\/www.hotelwestpoint.it\/de\/?s={search_term_string}\"},\"query-input\":{\"@type\":\"PropertyValueSpecification\",\"valueRequired\":true,\"valueName\":\"search_term_string\"}}],\"inLanguage\":\"de-DE\"}]}<\/script>\n<!-- \/ Yoast SEO plugin. -->","yoast_head_json":{"title":"Ristorante Vignal - Westpoint Hotel","description":"Das\u00a0Restaurant Vignal ist ein einladendes Ambiente im Hotel Villa Malaspina, nur 13 km vom West Point Airport Hotel entfernt. Dank der Breite, Aufteilung und Vielseitigkeit der R\u00e4umlichkeiten eignet es sich f\u00fcr jede Art von Veranstaltung, von intimen Abendessen bei Kerzenschein \u00fcber Geburtstage mit Freunden bis hin zu Gesch\u00e4ftsessen, Galadiners, Banketten und Hochzeiten. Es bietet eine einfache und kreative italienische K\u00fcche, die sich an ein Publikum richtet, das auf die Qualit\u00e4t der Rohstoffe und die Saisonalit\u00e4t der Produkte achtet.  Sichtbalken, ein gro\u00dfer Kamin und harmonische Eleganz machen es besonders geeignet f\u00fcr eine exklusive Zeremonie","robots":{"index":"index","follow":"follow","max-snippet":"max-snippet:-1","max-image-preview":"max-image-preview:large","max-video-preview":"max-video-preview:-1"},"canonical":"https:\/\/www.hotelwestpoint.it\/de\/erfahrungen\/ristorante-vignal\/","og_locale":"de_DE","og_type":"article","og_title":"Ristorante Vignal - Westpoint Hotel","og_description":"Das\u00a0Restaurant Vignal ist ein einladendes Ambiente im Hotel Villa Malaspina, nur 13 km vom West Point Airport Hotel entfernt. Dank der Breite, Aufteilung und Vielseitigkeit der R\u00e4umlichkeiten eignet es sich f\u00fcr jede Art von Veranstaltung, von intimen Abendessen bei Kerzenschein \u00fcber Geburtstage mit Freunden bis hin zu Gesch\u00e4ftsessen, Galadiners, Banketten und Hochzeiten. Es bietet eine einfache und kreative italienische K\u00fcche, die sich an ein Publikum richtet, das auf die Qualit\u00e4t der Rohstoffe und die Saisonalit\u00e4t der Produkte achtet.  Sichtbalken, ein gro\u00dfer Kamin und harmonische Eleganz machen es besonders geeignet f\u00fcr eine exklusive Zeremonie","og_url":"https:\/\/www.hotelwestpoint.it\/de\/erfahrungen\/ristorante-vignal\/","og_site_name":"Westpoint Hotel","twitter_card":"summary_large_image","twitter_misc":{"Gesch\u00e4tzte Lesezeit":"1 Minute"},"schema":{"@context":"https:\/\/schema.org","@graph":[{"@type":"WebPage","@id":"https:\/\/www.hotelwestpoint.it\/de\/erfahrungen\/ristorante-vignal\/","url":"https:\/\/www.hotelwestpoint.it\/de\/erfahrungen\/ristorante-vignal\/","name":"Ristorante Vignal - Westpoint Hotel","isPartOf":{"@id":"https:\/\/www.hotelwestpoint.it\/de\/#website"},"datePublished":"2022-01-19T16:36:22+00:00","description":"Das\u00a0Restaurant Vignal ist ein einladendes Ambiente im Hotel Villa Malaspina, nur 13 km vom West Point Airport Hotel entfernt. Dank der Breite, Aufteilung und Vielseitigkeit der R\u00e4umlichkeiten eignet es sich f\u00fcr jede Art von Veranstaltung, von intimen Abendessen bei Kerzenschein \u00fcber Geburtstage mit Freunden bis hin zu Gesch\u00e4ftsessen, Galadiners, Banketten und Hochzeiten. Es bietet eine einfache und kreative italienische K\u00fcche, die sich an ein Publikum richtet, das auf die Qualit\u00e4t der Rohstoffe und die Saisonalit\u00e4t der Produkte achtet. Sichtbalken, ein gro\u00dfer Kamin und harmonische Eleganz machen es besonders geeignet f\u00fcr eine exklusive Zeremonie","breadcrumb":{"@id":"https:\/\/www.hotelwestpoint.it\/de\/erfahrungen\/ristorante-vignal\/#breadcrumb"},"inLanguage":"de-DE","potentialAction":[{"@type":"ReadAction","target":["https:\/\/www.hotelwestpoint.it\/de\/erfahrungen\/ristorante-vignal\/"]}]},{"@type":"BreadcrumbList","@id":"https:\/\/www.hotelwestpoint.it\/de\/erfahrungen\/ristorante-vignal\/#breadcrumb","itemListElement":[{"@type":"ListItem","position":1,"name":"Home","item":"https:\/\/www.hotelwestpoint.it\/de\/"},{"@type":"ListItem","position":2,"name":"Erfahrungen","item":"https:\/\/www.hotelwestpoint.it\/de\/erfahrungen\/"},{"@type":"ListItem","position":3,"name":"Ristorante Vignal"}]},{"@type":"WebSite","@id":"https:\/\/www.hotelwestpoint.it\/de\/#website","url":"https:\/\/www.hotelwestpoint.it\/de\/","name":"Westpoint Hotel","description":"Ecco un altro sito ms.decms.eu","potentialAction":[{"@type":"SearchAction","target":{"@type":"EntryPoint","urlTemplate":"https:\/\/www.hotelwestpoint.it\/de\/?s={search_term_string}"},"query-input":{"@type":"PropertyValueSpecification","valueRequired":true,"valueName":"search_term_string"}}],"inLanguage":"de-DE"}]}},"acf":[],"_links":{"self":[{"href":"https:\/\/www.hotelwestpoint.it\/de\/wp-json\/wp\/v2\/pages\/430","targetHints":{"allow":["GET"]}}],"collection":[{"href":"https:\/\/www.hotelwestpoint.it\/de\/wp-json\/wp\/v2\/pages"}],"about":[{"href":"https:\/\/www.hotelwestpoint.it\/de\/wp-json\/wp\/v2\/types\/page"}],"author":[{"embeddable":true,"href":"https:\/\/www.hotelwestpoint.it\/de\/wp-json\/wp\/v2\/users\/13"}],"replies":[{"embeddable":true,"href":"https:\/\/www.hotelwestpoint.it\/de\/wp-json\/wp\/v2\/comments?post=430"}],"version-history":[{"count":0,"href":"https:\/\/www.hotelwestpoint.it\/de\/wp-json\/wp\/v2\/pages\/430\/revisions"}],"up":[{"embeddable":true,"href":"https:\/\/www.hotelwestpoint.it\/de\/wp-json\/wp\/v2\/pages\/429"}],"wp:attachment":[{"href":"https:\/\/www.hotelwestpoint.it\/de\/wp-json\/wp\/v2\/media?parent=430"}],"curies":[{"name":"wp","href":"https:\/\/api.w.org\/{rel}","templated":true}]}}