{"id":432,"date":"2022-01-19T17:37:01","date_gmt":"2022-01-19T16:37:01","guid":{"rendered":"https:\/\/westpointhotel.ms.decms.eu\/?page_id=432"},"modified":"2022-04-07T11:25:37","modified_gmt":"2022-04-07T09:25:37","slug":"ticketverkauf-fuer-themenparks","status":"publish","type":"page","link":"https:\/\/www.hotelwestpoint.it\/de\/erfahrungen\/ticketverkauf-fuer-themenparks\/","title":{"rendered":"Ticketverkauf f\u00fcr Themenparks"},"content":{"rendered":"<p>Purer Spa\u00df in verschiedenen Formen: von Achterbahnen bis zu Pools, von Arch\u00e4ologie bis zu Tieren, von Natur bis Kultur. Alles in unmittelbarer N\u00e4he unserer Hotels!<\/p>\n<p><strong>Kaufen Sie zu Sonderpreisen Parco Natura Viva, Parco Giardino Sigurt\u00e0, Movieland\/Caneva Wolrd Tickets direkt bei uns!<\/strong><\/p>\n<p><strong>Parco Natura Viva:<\/strong> <a href=\"http:\/\/www.parconaturaviva.it\">www.parconaturaviva.it<\/a><br \/>\n<strong>Sigurt\u00e0 Garden Park:<\/strong> <a href=\"http:\/\/www.sigurta.it\">www.sigurta.it<\/a><br \/>\n<strong>Movieland Park<\/strong>: \u00a0<a href=\"http:\/\/www.canevaworld.it\/movieland\/\">www.canevaworld.it\/movieland\/<\/a><\/p>\n<p>Gerne stellen wir Ihnen alle Informationen zur Verf\u00fcgung, die Sie ben\u00f6tigen, einschlie\u00dflich:<\/p>\n<p><strong>Gardaland:<\/strong> <a href=\"http:\/\/www.gardaland.it\">www.gardaland.it<\/a><br \/>\n<strong>Cavour Parco Acquatico<\/strong>: \u00a0<a href=\"http:\/\/www.parcoacquaticocavour.it\/\">www.parcoacquaticocavour.it<\/a><br \/>\n<strong>Parco delle Cascate di Molina<\/strong>: <a href=\"http:\/\/www.parcodellecascate.it\/\">www.parcodellecascate.it<\/a><br \/>\n<strong>Funivia Malcesine-Monte Baldo<\/strong>: \u00a0<a href=\"http:\/\/www.funiviedelbaldo.it\/\">www.funiviedelbaldo.it<\/a><br \/>\n<strong>Museo dei Fossili di Bolca<\/strong>: <a href=\"mailto:info@museodeifossili.it\">info@museodeifossili.it<\/a><br \/>\n<strong>Museo Nicolis dell\u2019auto della tecnica e della meccanica<\/strong>: <a href=\"http:\/\/www.museonicolis.com\/\">www.museonicolis.com<\/a><br \/>\n<strong>Arena Museo Opera<\/strong>: <a href=\"http:\/\/www.arenamuseopera.com\/\">www.arenamuseopera.com<\/a><\/p>\n<p>Kontaktieren Sie uns unter <a href=\"mailto:info@hotelwestpoint.it\">info@hotelwestpoint.it<\/a> oder unter 045\/8601020<\/p>\n","protected":false},"excerpt":{"rendered":"<p>Purer Spa\u00df in verschiedenen Formen: von Achterbahnen bis zu Pools, von Arch\u00e4ologie bis zu Tieren, von Natur bis Kultur. Alles in unmittelbarer N\u00e4he unserer Hotels! Kaufen Sie zu Sonderpreisen Parco Natura Viva, Parco Giardino Sigurt\u00e0, Movieland\/Caneva Wolrd Tickets direkt bei uns! Parco Natura Viva: www.parconaturaviva.it Sigurt\u00e0 Garden Park: www.sigurta.it Movieland Park: \u00a0www.canevaworld.it\/movieland\/ Gerne stellen wir [&hellip;]<\/p>\n","protected":false},"author":13,"featured_media":0,"parent":429,"menu_order":20,"comment_status":"closed","ping_status":"closed","template":"template-single-experience.php","meta":{"footnotes":""},"class_list":["post-432","page","type-page","status-publish","hentry"],"yoast_head":"<!-- This site is optimized with the Yoast SEO plugin v26.9 - https:\/\/yoast.com\/product\/yoast-seo-wordpress\/ -->\n<title>Ticketverkauf f\u00fcr Themenparks - Westpoint Hotel<\/title>\n<meta name=\"description\" content=\"Purer Spa\u00df in verschiedenen Formen: von Achterbahnen bis zu Pools, von Arch\u00e4ologie bis zu Tieren, von Natur bis Kultur. Alles in unmittelbarer N\u00e4he unserer Hotels!  Kaufen Sie zu Sonderpreisen Parco Natura Viva, Parco Giardino Sigurt\u00e0, Movieland\/Caneva Wolrd Tickets direkt bei uns!  Parco Natura Viva: www.parconaturaviva.it Sigurt\u00e0 Garden Park: www.sigurta.it Movieland Park: \u00a0www.canevaworld.it\/movieland\/  Gerne stellen wir Ihnen alle Informationen zur Verf\u00fcgung, die Sie ben\u00f6tigen, einschlie\u00dflich:  Gardaland: www.gardaland.it Cavour Parco Acquatico: \u00a0www.parcoacquaticocavour.it Parco delle Cascate di Molina: www.parcodellecascate.it Funivia Malcesine-Monte Baldo: \u00a0www.funiviedelbaldo.it Museo dei Fossili di Bolca: info@museodeifossili.it Museo Nicolis dell\u2019auto della tecnica e della meccanica: www.museonicolis.com Arena Museo Opera: www.arenamuseopera.com  Kontaktieren Sie uns unter info@hotelwestpoint.it oder unter 045\/8601020\" \/>\n<meta name=\"robots\" content=\"index, follow, max-snippet:-1, max-image-preview:large, max-video-preview:-1\" \/>\n<link rel=\"canonical\" href=\"https:\/\/www.hotelwestpoint.it\/de\/erfahrungen\/ticketverkauf-fuer-themenparks\/\" \/>\n<meta property=\"og:locale\" content=\"de_DE\" \/>\n<meta property=\"og:type\" content=\"article\" \/>\n<meta property=\"og:title\" content=\"Ticketverkauf f\u00fcr Themenparks - Westpoint Hotel\" \/>\n<meta property=\"og:description\" content=\"Purer Spa\u00df in verschiedenen Formen: von Achterbahnen bis zu Pools, von Arch\u00e4ologie bis zu Tieren, von Natur bis Kultur. Alles in unmittelbarer N\u00e4he unserer Hotels!  Kaufen Sie zu Sonderpreisen Parco Natura Viva, Parco Giardino Sigurt\u00e0, Movieland\/Caneva Wolrd Tickets direkt bei uns!  Parco Natura Viva: www.parconaturaviva.it Sigurt\u00e0 Garden Park: www.sigurta.it Movieland Park: \u00a0www.canevaworld.it\/movieland\/  Gerne stellen wir Ihnen alle Informationen zur Verf\u00fcgung, die Sie ben\u00f6tigen, einschlie\u00dflich:  Gardaland: www.gardaland.it Cavour Parco Acquatico: \u00a0www.parcoacquaticocavour.it Parco delle Cascate di Molina: www.parcodellecascate.it Funivia Malcesine-Monte Baldo: \u00a0www.funiviedelbaldo.it Museo dei Fossili di Bolca: info@museodeifossili.it Museo Nicolis dell\u2019auto della tecnica e della meccanica: www.museonicolis.com Arena Museo Opera: www.arenamuseopera.com  Kontaktieren Sie uns unter info@hotelwestpoint.it oder unter 045\/8601020\" \/>\n<meta property=\"og:url\" content=\"https:\/\/www.hotelwestpoint.it\/de\/erfahrungen\/ticketverkauf-fuer-themenparks\/\" \/>\n<meta property=\"og:site_name\" content=\"Westpoint Hotel\" \/>\n<meta property=\"article:modified_time\" content=\"2022-04-07T09:25:37+00:00\" \/>\n<meta name=\"twitter:card\" content=\"summary_large_image\" \/>\n<meta name=\"twitter:label1\" content=\"Gesch\u00e4tzte Lesezeit\" \/>\n\t<meta name=\"twitter:data1\" content=\"1 Minute\" \/>\n<script type=\"application\/ld+json\" class=\"yoast-schema-graph\">{\"@context\":\"https:\/\/schema.org\",\"@graph\":[{\"@type\":\"WebPage\",\"@id\":\"https:\/\/www.hotelwestpoint.it\/de\/erfahrungen\/ticketverkauf-fuer-themenparks\/\",\"url\":\"https:\/\/www.hotelwestpoint.it\/de\/erfahrungen\/ticketverkauf-fuer-themenparks\/\",\"name\":\"Ticketverkauf f\u00fcr Themenparks - Westpoint Hotel\",\"isPartOf\":{\"@id\":\"https:\/\/www.hotelwestpoint.it\/de\/#website\"},\"datePublished\":\"2022-01-19T16:37:01+00:00\",\"dateModified\":\"2022-04-07T09:25:37+00:00\",\"description\":\"Purer Spa\u00df in verschiedenen Formen: von Achterbahnen bis zu Pools, von Arch\u00e4ologie bis zu Tieren, von Natur bis Kultur. Alles in unmittelbarer N\u00e4he unserer Hotels! Kaufen Sie zu Sonderpreisen Parco Natura Viva, Parco Giardino Sigurt\u00e0, Movieland\/Caneva Wolrd Tickets direkt bei uns! Parco Natura Viva: www.parconaturaviva.it Sigurt\u00e0 Garden Park: www.sigurta.it Movieland Park: \u00a0www.canevaworld.it\/movieland\/ Gerne stellen wir Ihnen alle Informationen zur Verf\u00fcgung, die Sie ben\u00f6tigen, einschlie\u00dflich: Gardaland: www.gardaland.it Cavour Parco Acquatico: \u00a0www.parcoacquaticocavour.it Parco delle Cascate di Molina: www.parcodellecascate.it Funivia Malcesine-Monte Baldo: \u00a0www.funiviedelbaldo.it Museo dei Fossili di Bolca: info@museodeifossili.it Museo Nicolis dell\u2019auto della tecnica e della meccanica: www.museonicolis.com Arena Museo Opera: www.arenamuseopera.com Kontaktieren Sie uns unter info@hotelwestpoint.it oder unter 045\/8601020\",\"breadcrumb\":{\"@id\":\"https:\/\/www.hotelwestpoint.it\/de\/erfahrungen\/ticketverkauf-fuer-themenparks\/#breadcrumb\"},\"inLanguage\":\"de-DE\",\"potentialAction\":[{\"@type\":\"ReadAction\",\"target\":[\"https:\/\/www.hotelwestpoint.it\/de\/erfahrungen\/ticketverkauf-fuer-themenparks\/\"]}]},{\"@type\":\"BreadcrumbList\",\"@id\":\"https:\/\/www.hotelwestpoint.it\/de\/erfahrungen\/ticketverkauf-fuer-themenparks\/#breadcrumb\",\"itemListElement\":[{\"@type\":\"ListItem\",\"position\":1,\"name\":\"Home\",\"item\":\"https:\/\/www.hotelwestpoint.it\/de\/\"},{\"@type\":\"ListItem\",\"position\":2,\"name\":\"Erfahrungen\",\"item\":\"https:\/\/www.hotelwestpoint.it\/de\/erfahrungen\/\"},{\"@type\":\"ListItem\",\"position\":3,\"name\":\"Ticketverkauf f\u00fcr Themenparks\"}]},{\"@type\":\"WebSite\",\"@id\":\"https:\/\/www.hotelwestpoint.it\/de\/#website\",\"url\":\"https:\/\/www.hotelwestpoint.it\/de\/\",\"name\":\"Westpoint Hotel\",\"description\":\"Ecco un altro sito ms.decms.eu\",\"potentialAction\":[{\"@type\":\"SearchAction\",\"target\":{\"@type\":\"EntryPoint\",\"urlTemplate\":\"https:\/\/www.hotelwestpoint.it\/de\/?s={search_term_string}\"},\"query-input\":{\"@type\":\"PropertyValueSpecification\",\"valueRequired\":true,\"valueName\":\"search_term_string\"}}],\"inLanguage\":\"de-DE\"}]}<\/script>\n<!-- \/ Yoast SEO plugin. -->","yoast_head_json":{"title":"Ticketverkauf f\u00fcr Themenparks - Westpoint Hotel","description":"Purer Spa\u00df in verschiedenen Formen: von Achterbahnen bis zu Pools, von Arch\u00e4ologie bis zu Tieren, von Natur bis Kultur. Alles in unmittelbarer N\u00e4he unserer Hotels!  Kaufen Sie zu Sonderpreisen Parco Natura Viva, Parco Giardino Sigurt\u00e0, Movieland\/Caneva Wolrd Tickets direkt bei uns!  Parco Natura Viva: www.parconaturaviva.it Sigurt\u00e0 Garden Park: www.sigurta.it Movieland Park: \u00a0www.canevaworld.it\/movieland\/  Gerne stellen wir Ihnen alle Informationen zur Verf\u00fcgung, die Sie ben\u00f6tigen, einschlie\u00dflich:  Gardaland: www.gardaland.it Cavour Parco Acquatico: \u00a0www.parcoacquaticocavour.it Parco delle Cascate di Molina: www.parcodellecascate.it Funivia Malcesine-Monte Baldo: \u00a0www.funiviedelbaldo.it Museo dei Fossili di Bolca: info@museodeifossili.it Museo Nicolis dell\u2019auto della tecnica e della meccanica: www.museonicolis.com Arena Museo Opera: www.arenamuseopera.com  Kontaktieren Sie uns unter info@hotelwestpoint.it oder unter 045\/8601020","robots":{"index":"index","follow":"follow","max-snippet":"max-snippet:-1","max-image-preview":"max-image-preview:large","max-video-preview":"max-video-preview:-1"},"canonical":"https:\/\/www.hotelwestpoint.it\/de\/erfahrungen\/ticketverkauf-fuer-themenparks\/","og_locale":"de_DE","og_type":"article","og_title":"Ticketverkauf f\u00fcr Themenparks - Westpoint Hotel","og_description":"Purer Spa\u00df in verschiedenen Formen: von Achterbahnen bis zu Pools, von Arch\u00e4ologie bis zu Tieren, von Natur bis Kultur. Alles in unmittelbarer N\u00e4he unserer Hotels!  Kaufen Sie zu Sonderpreisen Parco Natura Viva, Parco Giardino Sigurt\u00e0, Movieland\/Caneva Wolrd Tickets direkt bei uns!  Parco Natura Viva: www.parconaturaviva.it Sigurt\u00e0 Garden Park: www.sigurta.it Movieland Park: \u00a0www.canevaworld.it\/movieland\/  Gerne stellen wir Ihnen alle Informationen zur Verf\u00fcgung, die Sie ben\u00f6tigen, einschlie\u00dflich:  Gardaland: www.gardaland.it Cavour Parco Acquatico: \u00a0www.parcoacquaticocavour.it Parco delle Cascate di Molina: www.parcodellecascate.it Funivia Malcesine-Monte Baldo: \u00a0www.funiviedelbaldo.it Museo dei Fossili di Bolca: info@museodeifossili.it Museo Nicolis dell\u2019auto della tecnica e della meccanica: www.museonicolis.com Arena Museo Opera: www.arenamuseopera.com  Kontaktieren Sie uns unter info@hotelwestpoint.it oder unter 045\/8601020","og_url":"https:\/\/www.hotelwestpoint.it\/de\/erfahrungen\/ticketverkauf-fuer-themenparks\/","og_site_name":"Westpoint Hotel","article_modified_time":"2022-04-07T09:25:37+00:00","twitter_card":"summary_large_image","twitter_misc":{"Gesch\u00e4tzte Lesezeit":"1 Minute"},"schema":{"@context":"https:\/\/schema.org","@graph":[{"@type":"WebPage","@id":"https:\/\/www.hotelwestpoint.it\/de\/erfahrungen\/ticketverkauf-fuer-themenparks\/","url":"https:\/\/www.hotelwestpoint.it\/de\/erfahrungen\/ticketverkauf-fuer-themenparks\/","name":"Ticketverkauf f\u00fcr Themenparks - Westpoint Hotel","isPartOf":{"@id":"https:\/\/www.hotelwestpoint.it\/de\/#website"},"datePublished":"2022-01-19T16:37:01+00:00","dateModified":"2022-04-07T09:25:37+00:00","description":"Purer Spa\u00df in verschiedenen Formen: von Achterbahnen bis zu Pools, von Arch\u00e4ologie bis zu Tieren, von Natur bis Kultur. Alles in unmittelbarer N\u00e4he unserer Hotels! Kaufen Sie zu Sonderpreisen Parco Natura Viva, Parco Giardino Sigurt\u00e0, Movieland\/Caneva Wolrd Tickets direkt bei uns! Parco Natura Viva: www.parconaturaviva.it Sigurt\u00e0 Garden Park: www.sigurta.it Movieland Park: \u00a0www.canevaworld.it\/movieland\/ Gerne stellen wir Ihnen alle Informationen zur Verf\u00fcgung, die Sie ben\u00f6tigen, einschlie\u00dflich: Gardaland: www.gardaland.it Cavour Parco Acquatico: \u00a0www.parcoacquaticocavour.it Parco delle Cascate di Molina: www.parcodellecascate.it Funivia Malcesine-Monte Baldo: \u00a0www.funiviedelbaldo.it Museo dei Fossili di Bolca: info@museodeifossili.it Museo Nicolis dell\u2019auto della tecnica e della meccanica: www.museonicolis.com Arena Museo Opera: www.arenamuseopera.com Kontaktieren Sie uns unter info@hotelwestpoint.it oder unter 045\/8601020","breadcrumb":{"@id":"https:\/\/www.hotelwestpoint.it\/de\/erfahrungen\/ticketverkauf-fuer-themenparks\/#breadcrumb"},"inLanguage":"de-DE","potentialAction":[{"@type":"ReadAction","target":["https:\/\/www.hotelwestpoint.it\/de\/erfahrungen\/ticketverkauf-fuer-themenparks\/"]}]},{"@type":"BreadcrumbList","@id":"https:\/\/www.hotelwestpoint.it\/de\/erfahrungen\/ticketverkauf-fuer-themenparks\/#breadcrumb","itemListElement":[{"@type":"ListItem","position":1,"name":"Home","item":"https:\/\/www.hotelwestpoint.it\/de\/"},{"@type":"ListItem","position":2,"name":"Erfahrungen","item":"https:\/\/www.hotelwestpoint.it\/de\/erfahrungen\/"},{"@type":"ListItem","position":3,"name":"Ticketverkauf f\u00fcr Themenparks"}]},{"@type":"WebSite","@id":"https:\/\/www.hotelwestpoint.it\/de\/#website","url":"https:\/\/www.hotelwestpoint.it\/de\/","name":"Westpoint Hotel","description":"Ecco un altro sito ms.decms.eu","potentialAction":[{"@type":"SearchAction","target":{"@type":"EntryPoint","urlTemplate":"https:\/\/www.hotelwestpoint.it\/de\/?s={search_term_string}"},"query-input":{"@type":"PropertyValueSpecification","valueRequired":true,"valueName":"search_term_string"}}],"inLanguage":"de-DE"}]}},"acf":[],"_links":{"self":[{"href":"https:\/\/www.hotelwestpoint.it\/de\/wp-json\/wp\/v2\/pages\/432","targetHints":{"allow":["GET"]}}],"collection":[{"href":"https:\/\/www.hotelwestpoint.it\/de\/wp-json\/wp\/v2\/pages"}],"about":[{"href":"https:\/\/www.hotelwestpoint.it\/de\/wp-json\/wp\/v2\/types\/page"}],"author":[{"embeddable":true,"href":"https:\/\/www.hotelwestpoint.it\/de\/wp-json\/wp\/v2\/users\/13"}],"replies":[{"embeddable":true,"href":"https:\/\/www.hotelwestpoint.it\/de\/wp-json\/wp\/v2\/comments?post=432"}],"version-history":[{"count":0,"href":"https:\/\/www.hotelwestpoint.it\/de\/wp-json\/wp\/v2\/pages\/432\/revisions"}],"up":[{"embeddable":true,"href":"https:\/\/www.hotelwestpoint.it\/de\/wp-json\/wp\/v2\/pages\/429"}],"wp:attachment":[{"href":"https:\/\/www.hotelwestpoint.it\/de\/wp-json\/wp\/v2\/media?parent=432"}],"curies":[{"name":"wp","href":"https:\/\/api.w.org\/{rel}","templated":true}]}}